{"id":50,"date":"2018-04-16T09:55:22","date_gmt":"2018-04-16T07:55:22","guid":{"rendered":"http:\/\/irisae-conseil.net\/?page_id=50"},"modified":"2024-10-29T16:43:45","modified_gmt":"2024-10-29T15:43:45","slug":"audit-securite-des-aliments","status":"publish","type":"page","link":"https:\/\/irisae-conseil.net\/index.php\/page-d-exemple\/securite-des-aliments\/audit-securite-des-aliments\/","title":{"rendered":"Audit S\u00e9curit\u00e9 des Aliments"},"content":{"rendered":"\n<div class=\"wp-block-media-text has-media-on-the-right is-stacked-on-mobile\"><div class=\"wp-block-media-text__content\">\n<h2 class=\"wp-block-heading\">Dans le cadre de vos d\u00e9marches de certification, IRISAE r\u00e9alise vos audits blancs.<\/h2>\n\n\n\n<p>Ga\u00eblle Beaune, fondatrice d\u2019IRISAE CONSEIL est actuellement qualifi\u00e9e auditrice IFS Food, et exp\u00e9riment\u00e9e sur les r\u00e9f\u00e9rentiels suivants :<br><strong>IFS Global Market, IFS Logistic, IFS Broker, BRC Food, ISO 22000, ISO 9001, ISO 14001 et bien d\u2019autres.<\/strong><\/p>\n\n\n\n<p><\/p>\n\n\n\n<div style=\"height:100px\" aria-hidden=\"true\" class=\"wp-block-spacer\"><\/div>\n<\/div><figure class=\"wp-block-media-text__media\"><img loading=\"lazy\" decoding=\"async\" width=\"1024\" height=\"593\" src=\"https:\/\/irisae-conseil.net\/wp-content\/uploads\/2020\/11\/bandeau-logo-referentiels-irisae-1-1024x593.jpg\" alt=\"\" class=\"wp-image-1004 size-full\" srcset=\"https:\/\/irisae-conseil.net\/wp-content\/uploads\/2020\/11\/bandeau-logo-referentiels-irisae-1-1024x593.jpg 1024w, https:\/\/irisae-conseil.net\/wp-content\/uploads\/2020\/11\/bandeau-logo-referentiels-irisae-1-300x174.jpg 300w, https:\/\/irisae-conseil.net\/wp-content\/uploads\/2020\/11\/bandeau-logo-referentiels-irisae-1-768x445.jpg 768w, https:\/\/irisae-conseil.net\/wp-content\/uploads\/2020\/11\/bandeau-logo-referentiels-irisae-1-1536x889.jpg 1536w, https:\/\/irisae-conseil.net\/wp-content\/uploads\/2020\/11\/bandeau-logo-referentiels-irisae-1.jpg 1979w\" sizes=\"auto, (max-width: 1024px) 100vw, 1024px\" \/><\/figure><\/div>\n\n\n\n<h2 class=\"wp-block-heading has-text-align-left has-black-color has-text-color\"><span class=\"has-inline-color has-black-color\">Un audit pour r\u00e9pondre \u00e0 vos besoins<\/span> d&rsquo;expertise :<\/h2>\n\n\n\n<ul class=\"wp-block-list\">\n<li><span class=\"has-inline-color has-black-color\">Avant d&rsquo;aller vers une certification qualit\u00e9 ou s\u00e9curit\u00e9 des aliments<\/span><\/li>\n\n\n\n<li><span class=\"has-inline-color has-black-color\">Ou dans le cadre du suivi du syst\u00e8me en place<\/span><\/li>\n<\/ul>\n\n\n\n<div style=\"height:100px\" aria-hidden=\"true\" class=\"wp-block-spacer\"><\/div>\n\n\n\n<div class=\"wp-block-columns is-layout-flex wp-container-core-columns-is-layout-1 wp-block-columns-is-layout-flex\">\n<div class=\"wp-block-column is-layout-flow wp-block-column-is-layout-flow\">\n<h3 class=\"wp-block-heading has-text-align-center\"><strong>Avant d\u2019aller vers une certification\/labellisation qualit\u00e9 ou s\u00e9curit\u00e9 des aliments<\/strong><\/h3>\n\n\n\n<p> <strong><em>Objectif <\/em><\/strong>: Vous souhaitez vous faire certifier pour la premi\u00e8re fois ? Apr\u00e8s le gros travail de pr\u00e9paration fait en interne, un \u00e9tat des lieux avec une personne ext\u00e9rieure est important pour identifier les derniers points \u00e0 mettre en place ou am\u00e9liorer. Cela permet tout d\u2019abord de v\u00e9rifier que les \u00e9l\u00e9ments mis en place r\u00e9pondent aux exigences du r\u00e9f\u00e9rentiel choisi. C&rsquo;est aussi l&rsquo;occasion de demander un avis sur certains sujets pour lesquels vous ne vous \u00eates pas encore positionn\u00e9s. Enfin, vous pourrez aussi vous pr\u00e9parer \u00e0 l&rsquo;exercice d&rsquo;audit (langage sp\u00e9cifique, approche analyse de dangers et \u00e9valuation des risques, rythme soutenu &#8230;).<\/p>\n\n\n\n<p><strong><em>Format <\/em><\/strong>: R\u00e9alisable \u00e0 partir d\u2019une journ\u00e9e et demi (selon les caract\u00e9ristiques de l\u2019organisation).<br>Sur site, avec interview de la direction et des managers concern\u00e9s (qualit\u00e9, production, R&amp;D, achat, maintenance, contr\u00f4le, RH).<br><br><strong><em>Livrable <\/em><\/strong>: Rapport d\u2019audit.<\/p>\n<\/div>\n\n\n\n<div class=\"wp-block-column is-layout-flow wp-block-column-is-layout-flow\">\n<h4 class=\"wp-block-heading has-text-align-center\"><strong>Apr\u00e8s l\u2019obtention du label\/certificat<\/strong><br><\/h4>\n\n\n\n<p><br><br><br><br><br><strong><em>Objectif <\/em><\/strong>: une fois la reconnaissance externe obtenue, il est important \u00e0 intervalles r\u00e9guliers de v\u00e9rifier de mani\u00e8re compl\u00e8te l\u2019efficacit\u00e9 et la pertinence du syst\u00e8me en place, et de remplir les exigences de r\u00e9alisation d\u2019audit interne \u00e0 travers un audit blanc<br><br><strong><em>Format <\/em><\/strong>: R\u00e9alisable \u00e0 partir d\u2019une journ\u00e9e et demi (selon les caract\u00e9ristiques de l\u2019organisation).<br>Sur site, avec interview de la direction et des managers concern\u00e9s (qualit\u00e9, production, R&amp;D, achat, maintenance, contr\u00f4le, RH).<br><br><strong><em>Livrable <\/em><\/strong>: Rapport d\u2019audit.<\/p>\n<\/div>\n<\/div>\n\n\n\n<div style=\"height:100px\" aria-hidden=\"true\" class=\"wp-block-spacer\"><\/div>\n\n\n\n<div class=\"wp-block-group\"><div class=\"wp-block-group__inner-container is-layout-flow wp-block-group-is-layout-flow\">\n<div class=\"wp-block-group\"><div class=\"wp-block-group__inner-container is-layout-flow wp-block-group-is-layout-flow\">\n<div class=\"wp-block-cover is-light\" style=\"min-height:150px;aspect-ratio:unset;\"><span aria-hidden=\"true\" class=\"wp-block-cover__background has-accent-background-color has-background-dim-100 has-background-dim\"><\/span><div class=\"wp-block-cover__inner-container is-layout-flow wp-block-cover-is-layout-flow\">\n<h4 class=\"wp-block-heading has-text-align-center\"><strong>+ de 230 audits s\u00e9curit\u00e9 des aliments<strong>*<\/strong> r\u00e9alis\u00e9s de 2005 \u00e0 aujourd&rsquo;hui.<\/strong><\/h4>\n\n\n\n<h6 class=\"wp-block-heading has-text-align-center\"><em>*IFS Food, BRC Food, ISO 9001, FSSC22000<\/em>, &#8230;<\/h6>\n<\/div><\/div>\n<\/div><\/div>\n<\/div><\/div>\n\n\n\n<div style=\"height:100px\" aria-hidden=\"true\" class=\"wp-block-spacer\"><\/div>\n\n\n\n<p class=\"has-text-align-center\"><strong>PARLONS ENSEMBLE DE VOTRE PROJET<\/strong><\/p>\n\n\n\n<div class=\"wp-block-buttons is-content-justification-center is-layout-flex wp-container-core-buttons-is-layout-1 wp-block-buttons-is-layout-flex\">\n<div class=\"wp-block-button\"><a class=\"wp-block-button__link has-text-align-center wp-element-button\" href=\"https:\/\/irisae-conseil.net\/index.php\/page-d-exemple\/contact\/\">Contact<\/a><\/div>\n<\/div>\n\n\n\n<div style=\"height:35px\" aria-hidden=\"true\" class=\"wp-block-spacer\"><\/div>\n\n\n\n<p class=\"has-text-align-center\">Estimation de l\u2019impact carbone de la page :<\/p>\n\n\n\n<div id=\"wcb\" class=\"carbonbadge\"><\/div>\n<script src=\"https:\/\/unpkg.com\/website-carbon-badges@1.1.3\/b.min.js\" defer><\/script>\n\n\n\n<div style=\"height:100px\" aria-hidden=\"true\" class=\"wp-block-spacer\"><\/div>\n\n\n\n<p class=\"has-text-align-center\"><strong>SUIVEZ NOUS<\/strong><\/p>\n\n\n\n<p class=\"has-text-align-center\">Retrouvez toutes nos actualit\u00e9s sur LinkedIn<\/p>\n\n\n\n<div class=\"wp-block-buttons is-content-justification-center is-layout-flex wp-container-core-buttons-is-layout-2 wp-block-buttons-is-layout-flex\">\n<div class=\"wp-block-button\"><a class=\"wp-block-button__link has-white-color has-header-gradient-background-color has-text-color has-background has-link-color has-text-align-center wp-element-button\" href=\"http:\/\/www.linkedin.com\/in\/ga\u00eblle-beaune-rse-iaa-audit\">LinkedIn<\/a><\/div>\n<\/div>\n\n\n\n<div style=\"height:100px\" aria-hidden=\"true\" class=\"wp-block-spacer\"><\/div>\n","protected":false},"excerpt":{"rendered":"<p>Un audit pour r\u00e9pondre \u00e0 vos besoins d&rsquo;expertise : Avant d\u2019aller vers une certification\/labellisation qualit\u00e9 ou s\u00e9curit\u00e9 des aliments Objectif : Vous souhaitez vous faire certifier pour la premi\u00e8re fois ? Apr\u00e8s le gros travail de pr\u00e9paration fait en interne, un \u00e9tat des lieux avec une personne ext\u00e9rieure est important [&hellip;]<\/p>\n","protected":false},"author":1,"featured_media":0,"parent":103,"menu_order":0,"comment_status":"closed","ping_status":"closed","template":"page-templates\/template-fullwidth.php","meta":{"om_disable_all_campaigns":false,"_monsterinsights_skip_tracking":false,"_monsterinsights_sitenote_active":false,"_monsterinsights_sitenote_note":"","_monsterinsights_sitenote_category":0,"_uf_show_specific_survey":0,"_uf_disable_surveys":false,"footnotes":""},"class_list":["post-50","page","type-page","status-publish","hentry"],"yoast_head":"<!-- This site is optimized with the Yoast SEO plugin v26.8 - https:\/\/yoast.com\/product\/yoast-seo-wordpress\/ -->\n<title>Audit S\u00e9curit\u00e9 des Aliments - IRISAE CONSEIL<\/title>\n<meta name=\"robots\" content=\"index, follow, max-snippet:-1, max-image-preview:large, max-video-preview:-1\" \/>\n<link rel=\"canonical\" href=\"https:\/\/irisae-conseil.net\/index.php\/page-d-exemple\/securite-des-aliments\/audit-securite-des-aliments\/\" \/>\n<meta property=\"og:locale\" content=\"fr_FR\" \/>\n<meta property=\"og:type\" content=\"article\" \/>\n<meta property=\"og:title\" content=\"Audit S\u00e9curit\u00e9 des Aliments - IRISAE CONSEIL\" \/>\n<meta property=\"og:description\" content=\"Un audit pour r\u00e9pondre \u00e0 vos besoins d&rsquo;expertise : Avant d\u2019aller vers une certification\/labellisation qualit\u00e9 ou s\u00e9curit\u00e9 des aliments Objectif : Vous souhaitez vous faire certifier pour la premi\u00e8re fois ? Apr\u00e8s le gros travail de pr\u00e9paration fait en interne, un \u00e9tat des lieux avec une personne ext\u00e9rieure est important [&hellip;]\" \/>\n<meta property=\"og:url\" content=\"https:\/\/irisae-conseil.net\/index.php\/page-d-exemple\/securite-des-aliments\/audit-securite-des-aliments\/\" \/>\n<meta property=\"og:site_name\" content=\"IRISAE CONSEIL\" \/>\n<meta property=\"article:modified_time\" content=\"2024-10-29T15:43:45+00:00\" \/>\n<meta property=\"og:image\" content=\"https:\/\/irisae-conseil.net\/wp-content\/uploads\/2020\/11\/bandeau-logo-referentiels-irisae-1.jpg\" \/>\n\t<meta property=\"og:image:width\" content=\"1979\" \/>\n\t<meta property=\"og:image:height\" content=\"1146\" \/>\n\t<meta property=\"og:image:type\" content=\"image\/jpeg\" \/>\n<meta name=\"twitter:card\" content=\"summary_large_image\" \/>\n<meta name=\"twitter:label1\" content=\"Dur\u00e9e de lecture estim\u00e9e\" \/>\n\t<meta name=\"twitter:data1\" content=\"2 minutes\" \/>\n<script type=\"application\/ld+json\" class=\"yoast-schema-graph\">{\"@context\":\"https:\/\/schema.org\",\"@graph\":[{\"@type\":\"WebPage\",\"@id\":\"https:\/\/irisae-conseil.net\/index.php\/page-d-exemple\/securite-des-aliments\/audit-securite-des-aliments\/\",\"url\":\"https:\/\/irisae-conseil.net\/index.php\/page-d-exemple\/securite-des-aliments\/audit-securite-des-aliments\/\",\"name\":\"Audit S\u00e9curit\u00e9 des Aliments - IRISAE CONSEIL\",\"isPartOf\":{\"@id\":\"https:\/\/irisae-conseil.net\/#website\"},\"primaryImageOfPage\":{\"@id\":\"https:\/\/irisae-conseil.net\/index.php\/page-d-exemple\/securite-des-aliments\/audit-securite-des-aliments\/#primaryimage\"},\"image\":{\"@id\":\"https:\/\/irisae-conseil.net\/index.php\/page-d-exemple\/securite-des-aliments\/audit-securite-des-aliments\/#primaryimage\"},\"thumbnailUrl\":\"https:\/\/irisae-conseil.net\/wp-content\/uploads\/2020\/11\/bandeau-logo-referentiels-irisae-1-1024x593.jpg\",\"datePublished\":\"2018-04-16T07:55:22+00:00\",\"dateModified\":\"2024-10-29T15:43:45+00:00\",\"breadcrumb\":{\"@id\":\"https:\/\/irisae-conseil.net\/index.php\/page-d-exemple\/securite-des-aliments\/audit-securite-des-aliments\/#breadcrumb\"},\"inLanguage\":\"fr-FR\",\"potentialAction\":[{\"@type\":\"ReadAction\",\"target\":[\"https:\/\/irisae-conseil.net\/index.php\/page-d-exemple\/securite-des-aliments\/audit-securite-des-aliments\/\"]}]},{\"@type\":\"ImageObject\",\"inLanguage\":\"fr-FR\",\"@id\":\"https:\/\/irisae-conseil.net\/index.php\/page-d-exemple\/securite-des-aliments\/audit-securite-des-aliments\/#primaryimage\",\"url\":\"https:\/\/irisae-conseil.net\/wp-content\/uploads\/2020\/11\/bandeau-logo-referentiels-irisae-1.jpg\",\"contentUrl\":\"https:\/\/irisae-conseil.net\/wp-content\/uploads\/2020\/11\/bandeau-logo-referentiels-irisae-1.jpg\",\"width\":1979,\"height\":1146},{\"@type\":\"BreadcrumbList\",\"@id\":\"https:\/\/irisae-conseil.net\/index.php\/page-d-exemple\/securite-des-aliments\/audit-securite-des-aliments\/#breadcrumb\",\"itemListElement\":[{\"@type\":\"ListItem\",\"position\":1,\"name\":\"Accueil\",\"item\":\"https:\/\/irisae-conseil.net\/\"},{\"@type\":\"ListItem\",\"position\":2,\"name\":\"Prestations en S\u00e9curit\u00e9 des Aliments\",\"item\":\"https:\/\/irisae-conseil.net\/index.php\/page-d-exemple\/securite-des-aliments\/\"},{\"@type\":\"ListItem\",\"position\":3,\"name\":\"Audit S\u00e9curit\u00e9 des Aliments\"}]},{\"@type\":\"WebSite\",\"@id\":\"https:\/\/irisae-conseil.net\/#website\",\"url\":\"https:\/\/irisae-conseil.net\/\",\"name\":\"IRISAE CONSEIL\",\"description\":\"Audit, formation, accompagnement en RSE, S\u00e9curit\u00e9 des Aliments, et lutte contre le gaspillage alimentaire\",\"publisher\":{\"@id\":\"https:\/\/irisae-conseil.net\/#organization\"},\"potentialAction\":[{\"@type\":\"SearchAction\",\"target\":{\"@type\":\"EntryPoint\",\"urlTemplate\":\"https:\/\/irisae-conseil.net\/?s={search_term_string}\"},\"query-input\":{\"@type\":\"PropertyValueSpecification\",\"valueRequired\":true,\"valueName\":\"search_term_string\"}}],\"inLanguage\":\"fr-FR\"},{\"@type\":\"Organization\",\"@id\":\"https:\/\/irisae-conseil.net\/#organization\",\"name\":\"IRISAE CONSEIL\",\"url\":\"https:\/\/irisae-conseil.net\/\",\"logo\":{\"@type\":\"ImageObject\",\"inLanguage\":\"fr-FR\",\"@id\":\"https:\/\/irisae-conseil.net\/#\/schema\/logo\/image\/\",\"url\":\"https:\/\/irisae-conseil.net\/wp-content\/uploads\/2020\/10\/cropped-logo_irisae.png\",\"contentUrl\":\"https:\/\/irisae-conseil.net\/wp-content\/uploads\/2020\/10\/cropped-logo_irisae.png\",\"width\":2114,\"height\":412,\"caption\":\"IRISAE CONSEIL\"},\"image\":{\"@id\":\"https:\/\/irisae-conseil.net\/#\/schema\/logo\/image\/\"},\"sameAs\":[\"https:\/\/www.linkedin.com\/in\/ga\u00eblle-beaune-rse-iaa-audit\/\"]}]}<\/script>\n<!-- \/ Yoast SEO plugin. -->","yoast_head_json":{"title":"Audit S\u00e9curit\u00e9 des Aliments - IRISAE CONSEIL","robots":{"index":"index","follow":"follow","max-snippet":"max-snippet:-1","max-image-preview":"max-image-preview:large","max-video-preview":"max-video-preview:-1"},"canonical":"https:\/\/irisae-conseil.net\/index.php\/page-d-exemple\/securite-des-aliments\/audit-securite-des-aliments\/","og_locale":"fr_FR","og_type":"article","og_title":"Audit S\u00e9curit\u00e9 des Aliments - IRISAE CONSEIL","og_description":"Un audit pour r\u00e9pondre \u00e0 vos besoins d&rsquo;expertise : Avant d\u2019aller vers une certification\/labellisation qualit\u00e9 ou s\u00e9curit\u00e9 des aliments Objectif : Vous souhaitez vous faire certifier pour la premi\u00e8re fois ? Apr\u00e8s le gros travail de pr\u00e9paration fait en interne, un \u00e9tat des lieux avec une personne ext\u00e9rieure est important [&hellip;]","og_url":"https:\/\/irisae-conseil.net\/index.php\/page-d-exemple\/securite-des-aliments\/audit-securite-des-aliments\/","og_site_name":"IRISAE CONSEIL","article_modified_time":"2024-10-29T15:43:45+00:00","og_image":[{"width":1979,"height":1146,"url":"https:\/\/irisae-conseil.net\/wp-content\/uploads\/2020\/11\/bandeau-logo-referentiels-irisae-1.jpg","type":"image\/jpeg"}],"twitter_card":"summary_large_image","twitter_misc":{"Dur\u00e9e de lecture estim\u00e9e":"2 minutes"},"schema":{"@context":"https:\/\/schema.org","@graph":[{"@type":"WebPage","@id":"https:\/\/irisae-conseil.net\/index.php\/page-d-exemple\/securite-des-aliments\/audit-securite-des-aliments\/","url":"https:\/\/irisae-conseil.net\/index.php\/page-d-exemple\/securite-des-aliments\/audit-securite-des-aliments\/","name":"Audit S\u00e9curit\u00e9 des Aliments - IRISAE CONSEIL","isPartOf":{"@id":"https:\/\/irisae-conseil.net\/#website"},"primaryImageOfPage":{"@id":"https:\/\/irisae-conseil.net\/index.php\/page-d-exemple\/securite-des-aliments\/audit-securite-des-aliments\/#primaryimage"},"image":{"@id":"https:\/\/irisae-conseil.net\/index.php\/page-d-exemple\/securite-des-aliments\/audit-securite-des-aliments\/#primaryimage"},"thumbnailUrl":"https:\/\/irisae-conseil.net\/wp-content\/uploads\/2020\/11\/bandeau-logo-referentiels-irisae-1-1024x593.jpg","datePublished":"2018-04-16T07:55:22+00:00","dateModified":"2024-10-29T15:43:45+00:00","breadcrumb":{"@id":"https:\/\/irisae-conseil.net\/index.php\/page-d-exemple\/securite-des-aliments\/audit-securite-des-aliments\/#breadcrumb"},"inLanguage":"fr-FR","potentialAction":[{"@type":"ReadAction","target":["https:\/\/irisae-conseil.net\/index.php\/page-d-exemple\/securite-des-aliments\/audit-securite-des-aliments\/"]}]},{"@type":"ImageObject","inLanguage":"fr-FR","@id":"https:\/\/irisae-conseil.net\/index.php\/page-d-exemple\/securite-des-aliments\/audit-securite-des-aliments\/#primaryimage","url":"https:\/\/irisae-conseil.net\/wp-content\/uploads\/2020\/11\/bandeau-logo-referentiels-irisae-1.jpg","contentUrl":"https:\/\/irisae-conseil.net\/wp-content\/uploads\/2020\/11\/bandeau-logo-referentiels-irisae-1.jpg","width":1979,"height":1146},{"@type":"BreadcrumbList","@id":"https:\/\/irisae-conseil.net\/index.php\/page-d-exemple\/securite-des-aliments\/audit-securite-des-aliments\/#breadcrumb","itemListElement":[{"@type":"ListItem","position":1,"name":"Accueil","item":"https:\/\/irisae-conseil.net\/"},{"@type":"ListItem","position":2,"name":"Prestations en S\u00e9curit\u00e9 des Aliments","item":"https:\/\/irisae-conseil.net\/index.php\/page-d-exemple\/securite-des-aliments\/"},{"@type":"ListItem","position":3,"name":"Audit S\u00e9curit\u00e9 des Aliments"}]},{"@type":"WebSite","@id":"https:\/\/irisae-conseil.net\/#website","url":"https:\/\/irisae-conseil.net\/","name":"IRISAE CONSEIL","description":"Audit, formation, accompagnement en RSE, S\u00e9curit\u00e9 des Aliments, et lutte contre le gaspillage alimentaire","publisher":{"@id":"https:\/\/irisae-conseil.net\/#organization"},"potentialAction":[{"@type":"SearchAction","target":{"@type":"EntryPoint","urlTemplate":"https:\/\/irisae-conseil.net\/?s={search_term_string}"},"query-input":{"@type":"PropertyValueSpecification","valueRequired":true,"valueName":"search_term_string"}}],"inLanguage":"fr-FR"},{"@type":"Organization","@id":"https:\/\/irisae-conseil.net\/#organization","name":"IRISAE CONSEIL","url":"https:\/\/irisae-conseil.net\/","logo":{"@type":"ImageObject","inLanguage":"fr-FR","@id":"https:\/\/irisae-conseil.net\/#\/schema\/logo\/image\/","url":"https:\/\/irisae-conseil.net\/wp-content\/uploads\/2020\/10\/cropped-logo_irisae.png","contentUrl":"https:\/\/irisae-conseil.net\/wp-content\/uploads\/2020\/10\/cropped-logo_irisae.png","width":2114,"height":412,"caption":"IRISAE CONSEIL"},"image":{"@id":"https:\/\/irisae-conseil.net\/#\/schema\/logo\/image\/"},"sameAs":["https:\/\/www.linkedin.com\/in\/ga\u00eblle-beaune-rse-iaa-audit\/"]}]}},"_links":{"self":[{"href":"https:\/\/irisae-conseil.net\/index.php\/wp-json\/wp\/v2\/pages\/50","targetHints":{"allow":["GET"]}}],"collection":[{"href":"https:\/\/irisae-conseil.net\/index.php\/wp-json\/wp\/v2\/pages"}],"about":[{"href":"https:\/\/irisae-conseil.net\/index.php\/wp-json\/wp\/v2\/types\/page"}],"author":[{"embeddable":true,"href":"https:\/\/irisae-conseil.net\/index.php\/wp-json\/wp\/v2\/users\/1"}],"replies":[{"embeddable":true,"href":"https:\/\/irisae-conseil.net\/index.php\/wp-json\/wp\/v2\/comments?post=50"}],"version-history":[{"count":67,"href":"https:\/\/irisae-conseil.net\/index.php\/wp-json\/wp\/v2\/pages\/50\/revisions"}],"predecessor-version":[{"id":1526,"href":"https:\/\/irisae-conseil.net\/index.php\/wp-json\/wp\/v2\/pages\/50\/revisions\/1526"}],"up":[{"embeddable":true,"href":"https:\/\/irisae-conseil.net\/index.php\/wp-json\/wp\/v2\/pages\/103"}],"wp:attachment":[{"href":"https:\/\/irisae-conseil.net\/index.php\/wp-json\/wp\/v2\/media?parent=50"}],"curies":[{"name":"wp","href":"https:\/\/api.w.org\/{rel}","templated":true}]}}