{"id":48,"date":"2018-04-16T09:55:07","date_gmt":"2018-04-16T07:55:07","guid":{"rendered":"http:\/\/irisae-conseil.net\/?page_id=48"},"modified":"2024-10-31T16:08:55","modified_gmt":"2024-10-31T15:08:55","slug":"formation-securite-des-aliments","status":"publish","type":"page","link":"https:\/\/irisae-conseil.net\/index.php\/page-d-exemple\/securite-des-aliments\/formation-securite-des-aliments\/","title":{"rendered":"Formation S\u00e9curit\u00e9 des Aliments"},"content":{"rendered":"\n<h2 class=\"wp-block-heading\">Offre de formations (inter ou intra-entreprise)<\/h2>\n\n\n\n<div class=\"wp-block-columns is-layout-flex wp-container-core-columns-is-layout-1 wp-block-columns-is-layout-flex\">\n<div class=\"wp-block-column is-layout-flow wp-block-column-is-layout-flow\">\n<h5 class=\"wp-block-heading\"><strong><em>D\u00e9couverte de l\u2019IFS Food V8<\/em><\/strong><\/h5>\n\n\n\n<p><strong><em>Objectif <\/em><\/strong>: Formation utile avant d\u2019aller vers une certification IFS Food, afin de mieux appr\u00e9hender le sujet et le chantier \u00e0 venir<br><strong><em>Format<\/em><\/strong> : Une journ\u00e9e<br><strong><em>Public <\/em><\/strong>: Direction, futurs responsables de la d\u00e9marche<\/p>\n<\/div>\n\n\n\n<div class=\"wp-block-column is-layout-flow wp-block-column-is-layout-flow\">\n<h5 class=\"wp-block-heading\"><strong><em>D\u00e9couverte de l&rsquo;IFS Logistic V3<\/em><\/strong><\/h5>\n\n\n\n<p><strong><em>Objectif <\/em><\/strong>: Formation utile avant d\u2019aller vers une certification IFS Logistic, afin de mieux appr\u00e9hender le sujet et le chantier \u00e0 venir<br><strong><em>Format<\/em><\/strong> : Une journ\u00e9e<br><strong><em>Public <\/em><\/strong>: Direction, futurs responsables de la d\u00e9marche<\/p>\n<\/div>\n<\/div>\n\n\n\n<div class=\"wp-block-columns is-layout-flex wp-container-core-columns-is-layout-2 wp-block-columns-is-layout-flex\">\n<div class=\"wp-block-column is-layout-flow wp-block-column-is-layout-flow\">\n<h5 class=\"wp-block-heading\"><strong><em>Mettre en place l&rsquo;HACCP<\/em><\/strong><\/h5>\n\n\n\n<p><strong><em>Objectif <\/em><\/strong>: Ma\u00eetriser le d\u00e9roulement de la m\u00e9thode HACCP (Hazard Analysis Critical Control Point) et savoir l\u2019appliquer, afin de r\u00e9pondre aux exigences r\u00e9glementaires et des r\u00e9f\u00e9rentiels de s\u00e9curit\u00e9 des aliments<br><strong><em>Format<\/em><\/strong> : Une journ\u00e9e<br><strong><em>Public <\/em><\/strong>: Responsables et assistant(e)s qualit\u00e9 \/ QSE \/ QHSE<\/p>\n<\/div>\n\n\n\n<div class=\"wp-block-column is-layout-flow wp-block-column-is-layout-flow\">\n<h5 class=\"wp-block-heading\"><strong><em>Mettre en place sa d\u00e9marche Food Fraud\/Product Fraud<\/em><\/strong><\/h5>\n\n\n\n<p><strong><em>Objectif <\/em><\/strong>: savoir mettre en place cette d\u00e9marche pour identifier les vuln\u00e9rabilit\u00e9s \u00e0 la fraude et mettre en place les mesures de ma\u00eetrise adapt\u00e9es<br>A travers cette formation, vous int\u00e8grerez la logique \u00e0 adopter pour mener cette d\u00e9marche, et vous vous familiarisez avec les outils pouvant \u00eatre utilis\u00e9s.<br><strong><em>Format<\/em><\/strong> : Une journ\u00e9e<br><strong><em>Public <\/em><\/strong>: Direction, responsables de la d\u00e9marche (qualit\u00e9, achat, comptabilit\u00e9, approvisionnement, \u2026)<\/p>\n<\/div>\n<\/div>\n\n\n\n<div class=\"wp-block-columns is-layout-flex wp-container-core-columns-is-layout-3 wp-block-columns-is-layout-flex\">\n<div class=\"wp-block-column is-layout-flow wp-block-column-is-layout-flow\">\n<h5 class=\"wp-block-heading\"><strong><em>Comprendre les attendus de Food\/Product Safety Culture<\/em><\/strong><\/h5>\n\n\n\n<p><strong><em>Objectif <\/em><\/strong>: derni\u00e8re nouveaut\u00e9 des r\u00e9f\u00e9rentiels de s\u00e9curit\u00e9 des aliments et du r\u00e8glement UE n\u00b02021\/382 = l\u2019obligation de sensibiliser les collaborateurs et d\u00e9velopper une culture de la s\u00e9curit\u00e9 des produits.<br>A travers cette formation, vous int\u00e8grerez la logique \u00e0 adopter pour r\u00e9pondre aux attendus, et vous identifierez les m\u00e9canismes \u00e0 mettre en place dans votre organisation.<br><strong><em>Format<\/em><\/strong> : Une journ\u00e9e<br><strong><em>Public <\/em><\/strong>: Direction, futurs responsables de la d\u00e9marche<\/p>\n<\/div>\n\n\n\n<div class=\"wp-block-column is-layout-flow wp-block-column-is-layout-flow\">\n<h5 class=\"wp-block-heading\"><strong><em>D\u00e9couverte du BRC Food, FSSC22000, ISO 22000, &#8230;<\/em><\/strong><\/h5>\n\n\n\n<p><strong><em>Objectif <\/em><\/strong>: Formation utile avant d\u2019aller vers une certification BRC Food, ou FSSC 22000, ou ISO 22000, afin de mieux appr\u00e9hender le sujet et le chantier \u00e0 venir<br><strong><em>Format<\/em><\/strong> : Une journ\u00e9e<br><strong><em>Public <\/em><\/strong>: Direction, futurs responsables de la d\u00e9marche <\/p>\n<\/div>\n<\/div>\n\n\n\n<h4 class=\"wp-block-heading has-text-align-center\"><em><strong>Offre de formation sur-mesure :<\/strong><\/em><\/h4>\n\n\n\n<h4 class=\"wp-block-heading has-text-align-center\"><em><strong>en fonction de vos besoins et des sp\u00e9cificit\u00e9s de votre organisation, ces modules peuvent \u00eatre modifi\u00e9s et adapt\u00e9s<\/strong><\/em>.<\/h4>\n\n\n\n<div style=\"height:100px\" aria-hidden=\"true\" class=\"wp-block-spacer\"><\/div>\n\n\n\n<p class=\"has-text-align-center\"><strong>PARLONS ENSEMBLE DE VOTRE PROJET<\/strong><\/p>\n\n\n\n<div class=\"wp-block-buttons is-content-justification-center is-layout-flex wp-container-core-buttons-is-layout-1 wp-block-buttons-is-layout-flex\">\n<div class=\"wp-block-button\"><a class=\"wp-block-button__link has-text-align-center wp-element-button\" href=\"https:\/\/irisae-conseil.net\/index.php\/page-d-exemple\/contact\/\">Contact<\/a><\/div>\n<\/div>\n\n\n\n<div style=\"height:35px\" aria-hidden=\"true\" class=\"wp-block-spacer\"><\/div>\n\n\n\n<p class=\"has-text-align-center\">Estimation de l\u2019impact carbone de la page :<\/p>\n\n\n\n<div id=\"wcb\" class=\"carbonbadge\"><\/div>\n<script src=\"https:\/\/unpkg.com\/website-carbon-badges@1.1.3\/b.min.js\" defer><\/script>\n\n\n\n<div style=\"height:100px\" aria-hidden=\"true\" class=\"wp-block-spacer\"><\/div>\n\n\n\n<p class=\"has-text-align-center\"><strong>SUIVEZ NOUS<\/strong><\/p>\n\n\n\n<p class=\"has-text-align-center\">Retrouvez toutes nos actualit\u00e9s sur LinkedIn<\/p>\n\n\n\n<div class=\"wp-block-buttons is-content-justification-center is-layout-flex wp-container-core-buttons-is-layout-2 wp-block-buttons-is-layout-flex\">\n<div class=\"wp-block-button\"><a class=\"wp-block-button__link has-white-color has-header-gradient-background-color has-text-color has-background has-link-color has-text-align-center wp-element-button\" href=\"http:\/\/www.linkedin.com\/in\/ga\u00eblle-beaune-rse-iaa-audit\">LinkedIn<\/a><\/div>\n<\/div>\n\n\n\n<div style=\"height:100px\" aria-hidden=\"true\" class=\"wp-block-spacer\"><\/div>\n","protected":false},"excerpt":{"rendered":"<p>Offre de formations (inter ou intra-entreprise) D\u00e9couverte de l\u2019IFS Food V8 Objectif : Formation utile avant d\u2019aller vers une certification IFS Food, afin de mieux appr\u00e9hender le sujet et le chantier \u00e0 venirFormat : Une journ\u00e9ePublic : Direction, futurs responsables de la d\u00e9marche D\u00e9couverte de l&rsquo;IFS Logistic V3 Objectif : [&hellip;]<\/p>\n","protected":false},"author":1,"featured_media":0,"parent":103,"menu_order":0,"comment_status":"closed","ping_status":"closed","template":"page-templates\/template-fullwidth.php","meta":{"om_disable_all_campaigns":false,"_monsterinsights_skip_tracking":false,"_monsterinsights_sitenote_active":false,"_monsterinsights_sitenote_note":"","_monsterinsights_sitenote_category":0,"_uf_show_specific_survey":0,"_uf_disable_surveys":false,"footnotes":""},"class_list":["post-48","page","type-page","status-publish","hentry"],"yoast_head":"<!-- This site is optimized with the Yoast SEO plugin v26.8 - https:\/\/yoast.com\/product\/yoast-seo-wordpress\/ -->\n<title>Formation S\u00e9curit\u00e9 des Aliments - IRISAE CONSEIL<\/title>\n<meta name=\"robots\" content=\"index, follow, max-snippet:-1, max-image-preview:large, max-video-preview:-1\" \/>\n<link rel=\"canonical\" href=\"https:\/\/irisae-conseil.net\/index.php\/page-d-exemple\/securite-des-aliments\/formation-securite-des-aliments\/\" \/>\n<meta property=\"og:locale\" content=\"fr_FR\" \/>\n<meta property=\"og:type\" content=\"article\" \/>\n<meta property=\"og:title\" content=\"Formation S\u00e9curit\u00e9 des Aliments - IRISAE CONSEIL\" \/>\n<meta property=\"og:description\" content=\"Offre de formations (inter ou intra-entreprise) D\u00e9couverte de l\u2019IFS Food V8 Objectif : Formation utile avant d\u2019aller vers une certification IFS Food, afin de mieux appr\u00e9hender le sujet et le chantier \u00e0 venirFormat : Une journ\u00e9ePublic : Direction, futurs responsables de la d\u00e9marche D\u00e9couverte de l&rsquo;IFS Logistic V3 Objectif : [&hellip;]\" \/>\n<meta property=\"og:url\" content=\"https:\/\/irisae-conseil.net\/index.php\/page-d-exemple\/securite-des-aliments\/formation-securite-des-aliments\/\" \/>\n<meta property=\"og:site_name\" content=\"IRISAE CONSEIL\" \/>\n<meta property=\"article:modified_time\" content=\"2024-10-31T15:08:55+00:00\" \/>\n<meta name=\"twitter:card\" content=\"summary_large_image\" \/>\n<meta name=\"twitter:label1\" content=\"Dur\u00e9e de lecture estim\u00e9e\" \/>\n\t<meta name=\"twitter:data1\" content=\"2 minutes\" \/>\n<script type=\"application\/ld+json\" class=\"yoast-schema-graph\">{\"@context\":\"https:\/\/schema.org\",\"@graph\":[{\"@type\":\"WebPage\",\"@id\":\"https:\/\/irisae-conseil.net\/index.php\/page-d-exemple\/securite-des-aliments\/formation-securite-des-aliments\/\",\"url\":\"https:\/\/irisae-conseil.net\/index.php\/page-d-exemple\/securite-des-aliments\/formation-securite-des-aliments\/\",\"name\":\"Formation S\u00e9curit\u00e9 des Aliments - IRISAE CONSEIL\",\"isPartOf\":{\"@id\":\"https:\/\/irisae-conseil.net\/#website\"},\"datePublished\":\"2018-04-16T07:55:07+00:00\",\"dateModified\":\"2024-10-31T15:08:55+00:00\",\"breadcrumb\":{\"@id\":\"https:\/\/irisae-conseil.net\/index.php\/page-d-exemple\/securite-des-aliments\/formation-securite-des-aliments\/#breadcrumb\"},\"inLanguage\":\"fr-FR\",\"potentialAction\":[{\"@type\":\"ReadAction\",\"target\":[\"https:\/\/irisae-conseil.net\/index.php\/page-d-exemple\/securite-des-aliments\/formation-securite-des-aliments\/\"]}]},{\"@type\":\"BreadcrumbList\",\"@id\":\"https:\/\/irisae-conseil.net\/index.php\/page-d-exemple\/securite-des-aliments\/formation-securite-des-aliments\/#breadcrumb\",\"itemListElement\":[{\"@type\":\"ListItem\",\"position\":1,\"name\":\"Accueil\",\"item\":\"https:\/\/irisae-conseil.net\/\"},{\"@type\":\"ListItem\",\"position\":2,\"name\":\"Prestations en S\u00e9curit\u00e9 des Aliments\",\"item\":\"https:\/\/irisae-conseil.net\/index.php\/page-d-exemple\/securite-des-aliments\/\"},{\"@type\":\"ListItem\",\"position\":3,\"name\":\"Formation S\u00e9curit\u00e9 des Aliments\"}]},{\"@type\":\"WebSite\",\"@id\":\"https:\/\/irisae-conseil.net\/#website\",\"url\":\"https:\/\/irisae-conseil.net\/\",\"name\":\"IRISAE CONSEIL\",\"description\":\"Audit, formation, accompagnement en RSE, S\u00e9curit\u00e9 des Aliments, et lutte contre le gaspillage alimentaire\",\"publisher\":{\"@id\":\"https:\/\/irisae-conseil.net\/#organization\"},\"potentialAction\":[{\"@type\":\"SearchAction\",\"target\":{\"@type\":\"EntryPoint\",\"urlTemplate\":\"https:\/\/irisae-conseil.net\/?s={search_term_string}\"},\"query-input\":{\"@type\":\"PropertyValueSpecification\",\"valueRequired\":true,\"valueName\":\"search_term_string\"}}],\"inLanguage\":\"fr-FR\"},{\"@type\":\"Organization\",\"@id\":\"https:\/\/irisae-conseil.net\/#organization\",\"name\":\"IRISAE CONSEIL\",\"url\":\"https:\/\/irisae-conseil.net\/\",\"logo\":{\"@type\":\"ImageObject\",\"inLanguage\":\"fr-FR\",\"@id\":\"https:\/\/irisae-conseil.net\/#\/schema\/logo\/image\/\",\"url\":\"https:\/\/irisae-conseil.net\/wp-content\/uploads\/2020\/10\/cropped-logo_irisae.png\",\"contentUrl\":\"https:\/\/irisae-conseil.net\/wp-content\/uploads\/2020\/10\/cropped-logo_irisae.png\",\"width\":2114,\"height\":412,\"caption\":\"IRISAE CONSEIL\"},\"image\":{\"@id\":\"https:\/\/irisae-conseil.net\/#\/schema\/logo\/image\/\"},\"sameAs\":[\"https:\/\/www.linkedin.com\/in\/ga\u00eblle-beaune-rse-iaa-audit\/\"]}]}<\/script>\n<!-- \/ Yoast SEO plugin. -->","yoast_head_json":{"title":"Formation S\u00e9curit\u00e9 des Aliments - IRISAE CONSEIL","robots":{"index":"index","follow":"follow","max-snippet":"max-snippet:-1","max-image-preview":"max-image-preview:large","max-video-preview":"max-video-preview:-1"},"canonical":"https:\/\/irisae-conseil.net\/index.php\/page-d-exemple\/securite-des-aliments\/formation-securite-des-aliments\/","og_locale":"fr_FR","og_type":"article","og_title":"Formation S\u00e9curit\u00e9 des Aliments - IRISAE CONSEIL","og_description":"Offre de formations (inter ou intra-entreprise) D\u00e9couverte de l\u2019IFS Food V8 Objectif : Formation utile avant d\u2019aller vers une certification IFS Food, afin de mieux appr\u00e9hender le sujet et le chantier \u00e0 venirFormat : Une journ\u00e9ePublic : Direction, futurs responsables de la d\u00e9marche D\u00e9couverte de l&rsquo;IFS Logistic V3 Objectif : [&hellip;]","og_url":"https:\/\/irisae-conseil.net\/index.php\/page-d-exemple\/securite-des-aliments\/formation-securite-des-aliments\/","og_site_name":"IRISAE CONSEIL","article_modified_time":"2024-10-31T15:08:55+00:00","twitter_card":"summary_large_image","twitter_misc":{"Dur\u00e9e de lecture estim\u00e9e":"2 minutes"},"schema":{"@context":"https:\/\/schema.org","@graph":[{"@type":"WebPage","@id":"https:\/\/irisae-conseil.net\/index.php\/page-d-exemple\/securite-des-aliments\/formation-securite-des-aliments\/","url":"https:\/\/irisae-conseil.net\/index.php\/page-d-exemple\/securite-des-aliments\/formation-securite-des-aliments\/","name":"Formation S\u00e9curit\u00e9 des Aliments - IRISAE CONSEIL","isPartOf":{"@id":"https:\/\/irisae-conseil.net\/#website"},"datePublished":"2018-04-16T07:55:07+00:00","dateModified":"2024-10-31T15:08:55+00:00","breadcrumb":{"@id":"https:\/\/irisae-conseil.net\/index.php\/page-d-exemple\/securite-des-aliments\/formation-securite-des-aliments\/#breadcrumb"},"inLanguage":"fr-FR","potentialAction":[{"@type":"ReadAction","target":["https:\/\/irisae-conseil.net\/index.php\/page-d-exemple\/securite-des-aliments\/formation-securite-des-aliments\/"]}]},{"@type":"BreadcrumbList","@id":"https:\/\/irisae-conseil.net\/index.php\/page-d-exemple\/securite-des-aliments\/formation-securite-des-aliments\/#breadcrumb","itemListElement":[{"@type":"ListItem","position":1,"name":"Accueil","item":"https:\/\/irisae-conseil.net\/"},{"@type":"ListItem","position":2,"name":"Prestations en S\u00e9curit\u00e9 des Aliments","item":"https:\/\/irisae-conseil.net\/index.php\/page-d-exemple\/securite-des-aliments\/"},{"@type":"ListItem","position":3,"name":"Formation S\u00e9curit\u00e9 des Aliments"}]},{"@type":"WebSite","@id":"https:\/\/irisae-conseil.net\/#website","url":"https:\/\/irisae-conseil.net\/","name":"IRISAE CONSEIL","description":"Audit, formation, accompagnement en RSE, S\u00e9curit\u00e9 des Aliments, et lutte contre le gaspillage alimentaire","publisher":{"@id":"https:\/\/irisae-conseil.net\/#organization"},"potentialAction":[{"@type":"SearchAction","target":{"@type":"EntryPoint","urlTemplate":"https:\/\/irisae-conseil.net\/?s={search_term_string}"},"query-input":{"@type":"PropertyValueSpecification","valueRequired":true,"valueName":"search_term_string"}}],"inLanguage":"fr-FR"},{"@type":"Organization","@id":"https:\/\/irisae-conseil.net\/#organization","name":"IRISAE CONSEIL","url":"https:\/\/irisae-conseil.net\/","logo":{"@type":"ImageObject","inLanguage":"fr-FR","@id":"https:\/\/irisae-conseil.net\/#\/schema\/logo\/image\/","url":"https:\/\/irisae-conseil.net\/wp-content\/uploads\/2020\/10\/cropped-logo_irisae.png","contentUrl":"https:\/\/irisae-conseil.net\/wp-content\/uploads\/2020\/10\/cropped-logo_irisae.png","width":2114,"height":412,"caption":"IRISAE CONSEIL"},"image":{"@id":"https:\/\/irisae-conseil.net\/#\/schema\/logo\/image\/"},"sameAs":["https:\/\/www.linkedin.com\/in\/ga\u00eblle-beaune-rse-iaa-audit\/"]}]}},"_links":{"self":[{"href":"https:\/\/irisae-conseil.net\/index.php\/wp-json\/wp\/v2\/pages\/48","targetHints":{"allow":["GET"]}}],"collection":[{"href":"https:\/\/irisae-conseil.net\/index.php\/wp-json\/wp\/v2\/pages"}],"about":[{"href":"https:\/\/irisae-conseil.net\/index.php\/wp-json\/wp\/v2\/types\/page"}],"author":[{"embeddable":true,"href":"https:\/\/irisae-conseil.net\/index.php\/wp-json\/wp\/v2\/users\/1"}],"replies":[{"embeddable":true,"href":"https:\/\/irisae-conseil.net\/index.php\/wp-json\/wp\/v2\/comments?post=48"}],"version-history":[{"count":38,"href":"https:\/\/irisae-conseil.net\/index.php\/wp-json\/wp\/v2\/pages\/48\/revisions"}],"predecessor-version":[{"id":1543,"href":"https:\/\/irisae-conseil.net\/index.php\/wp-json\/wp\/v2\/pages\/48\/revisions\/1543"}],"up":[{"embeddable":true,"href":"https:\/\/irisae-conseil.net\/index.php\/wp-json\/wp\/v2\/pages\/103"}],"wp:attachment":[{"href":"https:\/\/irisae-conseil.net\/index.php\/wp-json\/wp\/v2\/media?parent=48"}],"curies":[{"name":"wp","href":"https:\/\/api.w.org\/{rel}","templated":true}]}}