{"id":46,"date":"2018-04-16T09:54:50","date_gmt":"2018-04-16T07:54:50","guid":{"rendered":"http:\/\/irisae-conseil.net\/?page_id=46"},"modified":"2024-10-29T16:58:20","modified_gmt":"2024-10-29T15:58:20","slug":"audit-rse","status":"publish","type":"page","link":"https:\/\/irisae-conseil.net\/index.php\/page-d-exemple\/rse\/audit-rse\/","title":{"rendered":"Audit d\u00e9marche RSE"},"content":{"rendered":"\n<h2 class=\"wp-block-heading\">Un audit peut \u00eatre n\u00e9cessaire dans deux cas :<\/h2>\n\n\n\n<div class=\"wp-block-media-text is-stacked-on-mobile\"><figure class=\"wp-block-media-text__media\"><img loading=\"lazy\" decoding=\"async\" width=\"1024\" height=\"683\" src=\"https:\/\/irisae-conseil.net\/wp-content\/uploads\/2020\/11\/AUdit-RSE-IRISAE-definir-sa-demarche-1024x683.jpg\" alt=\"\" class=\"wp-image-849 size-full\" srcset=\"https:\/\/irisae-conseil.net\/wp-content\/uploads\/2020\/11\/AUdit-RSE-IRISAE-definir-sa-demarche-1024x683.jpg 1024w, https:\/\/irisae-conseil.net\/wp-content\/uploads\/2020\/11\/AUdit-RSE-IRISAE-definir-sa-demarche-300x200.jpg 300w, https:\/\/irisae-conseil.net\/wp-content\/uploads\/2020\/11\/AUdit-RSE-IRISAE-definir-sa-demarche-768x512.jpg 768w, https:\/\/irisae-conseil.net\/wp-content\/uploads\/2020\/11\/AUdit-RSE-IRISAE-definir-sa-demarche-1536x1025.jpg 1536w, https:\/\/irisae-conseil.net\/wp-content\/uploads\/2020\/11\/AUdit-RSE-IRISAE-definir-sa-demarche-2048x1367.jpg 2048w, https:\/\/irisae-conseil.net\/wp-content\/uploads\/2020\/11\/AUdit-RSE-IRISAE-definir-sa-demarche-360x240.jpg 360w\" sizes=\"auto, (max-width: 1024px) 100vw, 1024px\" \/><\/figure><div class=\"wp-block-media-text__content\">\n<p><strong><em>Objectif : Pour d\u00e9marrer une d\u00e9marche, il est utile de commencer par faire un \u00e9tat des lieux des pratiques d\u00e9j\u00e0 en place aupr\u00e8s des fonctions principales concern\u00e9es par la RSE (direction, RH, achat, qualit\u00e9, production, R&amp;D-marketing, vente).<\/em><\/strong><br><strong><em>Option <\/em><\/strong>: Un travail de recherche sur l\u2019histoire de l\u2019organisation, et les actions d\u00e9j\u00e0 mises en place en lien avec certains sujets de la RSE peut \u00eatre men\u00e9 en compl\u00e9ment de l\u2019audit.<br><strong><em>Format <\/em><\/strong>: R\u00e9alisable sur une journ\u00e9e \u00e0 une journ\u00e9e et demi selon la taille et la complexit\u00e9 de l\u2019organisation. Sur site, avec interview de la majorit\u00e9 des managers<br><strong><em>Livrable <\/em><\/strong>: Rapport d\u2019audit, \u00e9ventuellement compl\u00e9t\u00e9 d\u2019une \u00ab histoire RSE de l\u2019entreprise \u00bb (optionnel).<\/p>\n\n\n\n<p><\/p>\n<\/div><\/div>\n\n\n\n<div style=\"height:100px\" aria-hidden=\"true\" class=\"wp-block-spacer\"><\/div>\n\n\n\n<div class=\"wp-block-media-text is-stacked-on-mobile\"><figure class=\"wp-block-media-text__media\"><img loading=\"lazy\" decoding=\"async\" width=\"1024\" height=\"683\" src=\"https:\/\/irisae-conseil.net\/wp-content\/uploads\/2020\/11\/AUdit-RSE-IRISAE-Evaluer-sa-demarche-1024x683.jpg\" alt=\"\" class=\"wp-image-850 size-full\" srcset=\"https:\/\/irisae-conseil.net\/wp-content\/uploads\/2020\/11\/AUdit-RSE-IRISAE-Evaluer-sa-demarche-1024x683.jpg 1024w, https:\/\/irisae-conseil.net\/wp-content\/uploads\/2020\/11\/AUdit-RSE-IRISAE-Evaluer-sa-demarche-300x200.jpg 300w, https:\/\/irisae-conseil.net\/wp-content\/uploads\/2020\/11\/AUdit-RSE-IRISAE-Evaluer-sa-demarche-768x512.jpg 768w, https:\/\/irisae-conseil.net\/wp-content\/uploads\/2020\/11\/AUdit-RSE-IRISAE-Evaluer-sa-demarche-1536x1025.jpg 1536w, https:\/\/irisae-conseil.net\/wp-content\/uploads\/2020\/11\/AUdit-RSE-IRISAE-Evaluer-sa-demarche-2048x1367.jpg 2048w, https:\/\/irisae-conseil.net\/wp-content\/uploads\/2020\/11\/AUdit-RSE-IRISAE-Evaluer-sa-demarche-360x240.jpg 360w\" sizes=\"auto, (max-width: 1024px) 100vw, 1024px\" \/><\/figure><div class=\"wp-block-media-text__content\">\n<p><strong><em>Objectif <\/em>: <em>Se pr\u00e9parer \u00e0 un audit de labellisation\/certification <\/em><\/strong><br><strong><em>ou r\u00e9aliser des points r\u00e9guliers de la d\u00e9marche afin de v\u00e9rifier l\u2019efficacit\u00e9 des actions mises en place et identifier de futurs points d\u2019am\u00e9lioration<\/em><\/strong><br>Dans les deux cas, l\u2019exercice permet d\u2019identifier les points forts et ceux \u00e0 am\u00e9liorer, ou \u00e9ventuellement bloquant dans le cadre d\u2019une labellisation\/certification<br><strong><em>Format <\/em><\/strong>: R\u00e9alisable sur une journ\u00e9e \u00e0 une journ\u00e9e et demi selon la taille et la complexit\u00e9 de l\u2019organisation. Sur site, avec interview de la majorit\u00e9 des managers<br><strong><em>Livrable <\/em><\/strong>: Rapport d\u2019audit avec plan d\u2019action.<\/p>\n\n\n\n<p><\/p>\n<\/div><\/div>\n\n\n\n<div style=\"height:100px\" aria-hidden=\"true\" class=\"wp-block-spacer\"><\/div>\n\n\n\n<blockquote class=\"wp-block-quote is-layout-flow wp-block-quote-is-layout-flow\">\n<p class=\"has-text-align-center\">R\u00c9F\u00c9RENCE<\/p>\n\n\n\n<p class=\"has-text-align-center\">+ de 50 audits RSE depuis 2015<br>PME+, BioED (Bio Entreprise Durable), BCorp, ISCC, FSE+, &#8230;<\/p>\n<\/blockquote>\n\n\n\n<div style=\"height:100px\" aria-hidden=\"true\" class=\"wp-block-spacer\"><\/div>\n\n\n\n<p class=\"has-text-align-center\"><strong>PARLONS ENSEMBLE DE VOTRE PROJET<\/strong><\/p>\n\n\n\n<div class=\"wp-block-buttons is-content-justification-center is-layout-flex wp-container-core-buttons-is-layout-1 wp-block-buttons-is-layout-flex\">\n<div class=\"wp-block-button\"><a class=\"wp-block-button__link has-text-align-center wp-element-button\" href=\"https:\/\/irisae-conseil.net\/index.php\/page-d-exemple\/contact\/\">Contact<\/a><\/div>\n<\/div>\n\n\n\n<div style=\"height:35px\" aria-hidden=\"true\" class=\"wp-block-spacer\"><\/div>\n\n\n\n<p class=\"has-text-align-center\">Estimation de l\u2019impact carbone de la page :<\/p>\n\n\n\n<div id=\"wcb\" class=\"carbonbadge\"><\/div>\n<script src=\"https:\/\/unpkg.com\/website-carbon-badges@1.1.3\/b.min.js\" defer><\/script>\n\n\n\n<div style=\"height:100px\" aria-hidden=\"true\" class=\"wp-block-spacer\"><\/div>\n\n\n\n<p class=\"has-text-align-center\"><strong>SUIVEZ NOUS<\/strong><\/p>\n\n\n\n<p class=\"has-text-align-center\">Retrouvez toutes nos actualit\u00e9s sur LinkedIn<\/p>\n\n\n\n<div class=\"wp-block-buttons is-content-justification-center is-layout-flex wp-container-core-buttons-is-layout-2 wp-block-buttons-is-layout-flex\">\n<div class=\"wp-block-button\"><a class=\"wp-block-button__link has-white-color has-header-gradient-background-color has-text-color has-background has-link-color has-text-align-center wp-element-button\" href=\"http:\/\/www.linkedin.com\/in\/ga\u00eblle-beaune-rse-iaa-audit\">LinkedIn<\/a><\/div>\n<\/div>\n\n\n\n<div style=\"height:100px\" aria-hidden=\"true\" class=\"wp-block-spacer\"><\/div>\n","protected":false},"excerpt":{"rendered":"<p>Un audit peut \u00eatre n\u00e9cessaire dans deux cas : Objectif : Pour d\u00e9marrer une d\u00e9marche, il est utile de commencer par faire un \u00e9tat des lieux des pratiques d\u00e9j\u00e0 en place aupr\u00e8s des fonctions principales concern\u00e9es par la RSE (direction, RH, achat, qualit\u00e9, production, R&amp;D-marketing, vente).Option : Un travail de [&hellip;]<\/p>\n","protected":false},"author":1,"featured_media":850,"parent":101,"menu_order":0,"comment_status":"closed","ping_status":"closed","template":"page-templates\/template-fullwidth.php","meta":{"om_disable_all_campaigns":false,"_monsterinsights_skip_tracking":false,"_monsterinsights_sitenote_active":false,"_monsterinsights_sitenote_note":"","_monsterinsights_sitenote_category":0,"_uf_show_specific_survey":0,"_uf_disable_surveys":false,"footnotes":""},"class_list":["post-46","page","type-page","status-publish","has-post-thumbnail","hentry"],"yoast_head":"<!-- This site is optimized with the Yoast SEO plugin v26.8 - https:\/\/yoast.com\/product\/yoast-seo-wordpress\/ -->\n<title>Audit d\u00e9marche RSE - IRISAE CONSEIL<\/title>\n<meta name=\"robots\" content=\"index, follow, max-snippet:-1, max-image-preview:large, max-video-preview:-1\" \/>\n<link rel=\"canonical\" href=\"https:\/\/irisae-conseil.net\/index.php\/page-d-exemple\/rse\/audit-rse\/\" \/>\n<meta property=\"og:locale\" content=\"fr_FR\" \/>\n<meta property=\"og:type\" content=\"article\" \/>\n<meta property=\"og:title\" content=\"Audit d\u00e9marche RSE - IRISAE CONSEIL\" \/>\n<meta property=\"og:description\" content=\"Un audit peut \u00eatre n\u00e9cessaire dans deux cas : Objectif : Pour d\u00e9marrer une d\u00e9marche, il est utile de commencer par faire un \u00e9tat des lieux des pratiques d\u00e9j\u00e0 en place aupr\u00e8s des fonctions principales concern\u00e9es par la RSE (direction, RH, achat, qualit\u00e9, production, R&amp;D-marketing, vente).Option : Un travail de [&hellip;]\" \/>\n<meta property=\"og:url\" content=\"https:\/\/irisae-conseil.net\/index.php\/page-d-exemple\/rse\/audit-rse\/\" \/>\n<meta property=\"og:site_name\" content=\"IRISAE CONSEIL\" \/>\n<meta property=\"article:modified_time\" content=\"2024-10-29T15:58:20+00:00\" \/>\n<meta property=\"og:image\" content=\"https:\/\/irisae-conseil.net\/wp-content\/uploads\/2020\/11\/AUdit-RSE-IRISAE-Evaluer-sa-demarche-scaled.jpg\" \/>\n\t<meta property=\"og:image:width\" content=\"2560\" \/>\n\t<meta property=\"og:image:height\" content=\"1708\" \/>\n\t<meta property=\"og:image:type\" content=\"image\/jpeg\" \/>\n<meta name=\"twitter:card\" content=\"summary_large_image\" \/>\n<meta name=\"twitter:label1\" content=\"Dur\u00e9e de lecture estim\u00e9e\" \/>\n\t<meta name=\"twitter:data1\" content=\"2 minutes\" \/>\n<script type=\"application\/ld+json\" class=\"yoast-schema-graph\">{\"@context\":\"https:\/\/schema.org\",\"@graph\":[{\"@type\":\"WebPage\",\"@id\":\"https:\/\/irisae-conseil.net\/index.php\/page-d-exemple\/rse\/audit-rse\/\",\"url\":\"https:\/\/irisae-conseil.net\/index.php\/page-d-exemple\/rse\/audit-rse\/\",\"name\":\"Audit d\u00e9marche RSE - IRISAE CONSEIL\",\"isPartOf\":{\"@id\":\"https:\/\/irisae-conseil.net\/#website\"},\"primaryImageOfPage\":{\"@id\":\"https:\/\/irisae-conseil.net\/index.php\/page-d-exemple\/rse\/audit-rse\/#primaryimage\"},\"image\":{\"@id\":\"https:\/\/irisae-conseil.net\/index.php\/page-d-exemple\/rse\/audit-rse\/#primaryimage\"},\"thumbnailUrl\":\"https:\/\/irisae-conseil.net\/wp-content\/uploads\/2020\/11\/AUdit-RSE-IRISAE-Evaluer-sa-demarche-scaled.jpg\",\"datePublished\":\"2018-04-16T07:54:50+00:00\",\"dateModified\":\"2024-10-29T15:58:20+00:00\",\"breadcrumb\":{\"@id\":\"https:\/\/irisae-conseil.net\/index.php\/page-d-exemple\/rse\/audit-rse\/#breadcrumb\"},\"inLanguage\":\"fr-FR\",\"potentialAction\":[{\"@type\":\"ReadAction\",\"target\":[\"https:\/\/irisae-conseil.net\/index.php\/page-d-exemple\/rse\/audit-rse\/\"]}]},{\"@type\":\"ImageObject\",\"inLanguage\":\"fr-FR\",\"@id\":\"https:\/\/irisae-conseil.net\/index.php\/page-d-exemple\/rse\/audit-rse\/#primaryimage\",\"url\":\"https:\/\/irisae-conseil.net\/wp-content\/uploads\/2020\/11\/AUdit-RSE-IRISAE-Evaluer-sa-demarche-scaled.jpg\",\"contentUrl\":\"https:\/\/irisae-conseil.net\/wp-content\/uploads\/2020\/11\/AUdit-RSE-IRISAE-Evaluer-sa-demarche-scaled.jpg\",\"width\":2560,\"height\":1708},{\"@type\":\"BreadcrumbList\",\"@id\":\"https:\/\/irisae-conseil.net\/index.php\/page-d-exemple\/rse\/audit-rse\/#breadcrumb\",\"itemListElement\":[{\"@type\":\"ListItem\",\"position\":1,\"name\":\"Accueil\",\"item\":\"https:\/\/irisae-conseil.net\/\"},{\"@type\":\"ListItem\",\"position\":2,\"name\":\"La RSE\",\"item\":\"https:\/\/irisae-conseil.net\/index.php\/page-d-exemple\/rse\/\"},{\"@type\":\"ListItem\",\"position\":3,\"name\":\"Audit d\u00e9marche RSE\"}]},{\"@type\":\"WebSite\",\"@id\":\"https:\/\/irisae-conseil.net\/#website\",\"url\":\"https:\/\/irisae-conseil.net\/\",\"name\":\"IRISAE CONSEIL\",\"description\":\"Audit, formation, accompagnement en RSE, S\u00e9curit\u00e9 des Aliments, et lutte contre le gaspillage alimentaire\",\"publisher\":{\"@id\":\"https:\/\/irisae-conseil.net\/#organization\"},\"potentialAction\":[{\"@type\":\"SearchAction\",\"target\":{\"@type\":\"EntryPoint\",\"urlTemplate\":\"https:\/\/irisae-conseil.net\/?s={search_term_string}\"},\"query-input\":{\"@type\":\"PropertyValueSpecification\",\"valueRequired\":true,\"valueName\":\"search_term_string\"}}],\"inLanguage\":\"fr-FR\"},{\"@type\":\"Organization\",\"@id\":\"https:\/\/irisae-conseil.net\/#organization\",\"name\":\"IRISAE CONSEIL\",\"url\":\"https:\/\/irisae-conseil.net\/\",\"logo\":{\"@type\":\"ImageObject\",\"inLanguage\":\"fr-FR\",\"@id\":\"https:\/\/irisae-conseil.net\/#\/schema\/logo\/image\/\",\"url\":\"https:\/\/irisae-conseil.net\/wp-content\/uploads\/2020\/10\/cropped-logo_irisae.png\",\"contentUrl\":\"https:\/\/irisae-conseil.net\/wp-content\/uploads\/2020\/10\/cropped-logo_irisae.png\",\"width\":2114,\"height\":412,\"caption\":\"IRISAE CONSEIL\"},\"image\":{\"@id\":\"https:\/\/irisae-conseil.net\/#\/schema\/logo\/image\/\"},\"sameAs\":[\"https:\/\/www.linkedin.com\/in\/ga\u00eblle-beaune-rse-iaa-audit\/\"]}]}<\/script>\n<!-- \/ Yoast SEO plugin. -->","yoast_head_json":{"title":"Audit d\u00e9marche RSE - IRISAE CONSEIL","robots":{"index":"index","follow":"follow","max-snippet":"max-snippet:-1","max-image-preview":"max-image-preview:large","max-video-preview":"max-video-preview:-1"},"canonical":"https:\/\/irisae-conseil.net\/index.php\/page-d-exemple\/rse\/audit-rse\/","og_locale":"fr_FR","og_type":"article","og_title":"Audit d\u00e9marche RSE - IRISAE CONSEIL","og_description":"Un audit peut \u00eatre n\u00e9cessaire dans deux cas : Objectif : Pour d\u00e9marrer une d\u00e9marche, il est utile de commencer par faire un \u00e9tat des lieux des pratiques d\u00e9j\u00e0 en place aupr\u00e8s des fonctions principales concern\u00e9es par la RSE (direction, RH, achat, qualit\u00e9, production, R&amp;D-marketing, vente).Option : Un travail de [&hellip;]","og_url":"https:\/\/irisae-conseil.net\/index.php\/page-d-exemple\/rse\/audit-rse\/","og_site_name":"IRISAE CONSEIL","article_modified_time":"2024-10-29T15:58:20+00:00","og_image":[{"width":2560,"height":1708,"url":"https:\/\/irisae-conseil.net\/wp-content\/uploads\/2020\/11\/AUdit-RSE-IRISAE-Evaluer-sa-demarche-scaled.jpg","type":"image\/jpeg"}],"twitter_card":"summary_large_image","twitter_misc":{"Dur\u00e9e de lecture estim\u00e9e":"2 minutes"},"schema":{"@context":"https:\/\/schema.org","@graph":[{"@type":"WebPage","@id":"https:\/\/irisae-conseil.net\/index.php\/page-d-exemple\/rse\/audit-rse\/","url":"https:\/\/irisae-conseil.net\/index.php\/page-d-exemple\/rse\/audit-rse\/","name":"Audit d\u00e9marche RSE - IRISAE CONSEIL","isPartOf":{"@id":"https:\/\/irisae-conseil.net\/#website"},"primaryImageOfPage":{"@id":"https:\/\/irisae-conseil.net\/index.php\/page-d-exemple\/rse\/audit-rse\/#primaryimage"},"image":{"@id":"https:\/\/irisae-conseil.net\/index.php\/page-d-exemple\/rse\/audit-rse\/#primaryimage"},"thumbnailUrl":"https:\/\/irisae-conseil.net\/wp-content\/uploads\/2020\/11\/AUdit-RSE-IRISAE-Evaluer-sa-demarche-scaled.jpg","datePublished":"2018-04-16T07:54:50+00:00","dateModified":"2024-10-29T15:58:20+00:00","breadcrumb":{"@id":"https:\/\/irisae-conseil.net\/index.php\/page-d-exemple\/rse\/audit-rse\/#breadcrumb"},"inLanguage":"fr-FR","potentialAction":[{"@type":"ReadAction","target":["https:\/\/irisae-conseil.net\/index.php\/page-d-exemple\/rse\/audit-rse\/"]}]},{"@type":"ImageObject","inLanguage":"fr-FR","@id":"https:\/\/irisae-conseil.net\/index.php\/page-d-exemple\/rse\/audit-rse\/#primaryimage","url":"https:\/\/irisae-conseil.net\/wp-content\/uploads\/2020\/11\/AUdit-RSE-IRISAE-Evaluer-sa-demarche-scaled.jpg","contentUrl":"https:\/\/irisae-conseil.net\/wp-content\/uploads\/2020\/11\/AUdit-RSE-IRISAE-Evaluer-sa-demarche-scaled.jpg","width":2560,"height":1708},{"@type":"BreadcrumbList","@id":"https:\/\/irisae-conseil.net\/index.php\/page-d-exemple\/rse\/audit-rse\/#breadcrumb","itemListElement":[{"@type":"ListItem","position":1,"name":"Accueil","item":"https:\/\/irisae-conseil.net\/"},{"@type":"ListItem","position":2,"name":"La RSE","item":"https:\/\/irisae-conseil.net\/index.php\/page-d-exemple\/rse\/"},{"@type":"ListItem","position":3,"name":"Audit d\u00e9marche RSE"}]},{"@type":"WebSite","@id":"https:\/\/irisae-conseil.net\/#website","url":"https:\/\/irisae-conseil.net\/","name":"IRISAE CONSEIL","description":"Audit, formation, accompagnement en RSE, S\u00e9curit\u00e9 des Aliments, et lutte contre le gaspillage alimentaire","publisher":{"@id":"https:\/\/irisae-conseil.net\/#organization"},"potentialAction":[{"@type":"SearchAction","target":{"@type":"EntryPoint","urlTemplate":"https:\/\/irisae-conseil.net\/?s={search_term_string}"},"query-input":{"@type":"PropertyValueSpecification","valueRequired":true,"valueName":"search_term_string"}}],"inLanguage":"fr-FR"},{"@type":"Organization","@id":"https:\/\/irisae-conseil.net\/#organization","name":"IRISAE CONSEIL","url":"https:\/\/irisae-conseil.net\/","logo":{"@type":"ImageObject","inLanguage":"fr-FR","@id":"https:\/\/irisae-conseil.net\/#\/schema\/logo\/image\/","url":"https:\/\/irisae-conseil.net\/wp-content\/uploads\/2020\/10\/cropped-logo_irisae.png","contentUrl":"https:\/\/irisae-conseil.net\/wp-content\/uploads\/2020\/10\/cropped-logo_irisae.png","width":2114,"height":412,"caption":"IRISAE CONSEIL"},"image":{"@id":"https:\/\/irisae-conseil.net\/#\/schema\/logo\/image\/"},"sameAs":["https:\/\/www.linkedin.com\/in\/ga\u00eblle-beaune-rse-iaa-audit\/"]}]}},"_links":{"self":[{"href":"https:\/\/irisae-conseil.net\/index.php\/wp-json\/wp\/v2\/pages\/46","targetHints":{"allow":["GET"]}}],"collection":[{"href":"https:\/\/irisae-conseil.net\/index.php\/wp-json\/wp\/v2\/pages"}],"about":[{"href":"https:\/\/irisae-conseil.net\/index.php\/wp-json\/wp\/v2\/types\/page"}],"author":[{"embeddable":true,"href":"https:\/\/irisae-conseil.net\/index.php\/wp-json\/wp\/v2\/users\/1"}],"replies":[{"embeddable":true,"href":"https:\/\/irisae-conseil.net\/index.php\/wp-json\/wp\/v2\/comments?post=46"}],"version-history":[{"count":42,"href":"https:\/\/irisae-conseil.net\/index.php\/wp-json\/wp\/v2\/pages\/46\/revisions"}],"predecessor-version":[{"id":1531,"href":"https:\/\/irisae-conseil.net\/index.php\/wp-json\/wp\/v2\/pages\/46\/revisions\/1531"}],"up":[{"embeddable":true,"href":"https:\/\/irisae-conseil.net\/index.php\/wp-json\/wp\/v2\/pages\/101"}],"wp:featuredmedia":[{"embeddable":true,"href":"https:\/\/irisae-conseil.net\/index.php\/wp-json\/wp\/v2\/media\/850"}],"wp:attachment":[{"href":"https:\/\/irisae-conseil.net\/index.php\/wp-json\/wp\/v2\/media?parent=46"}],"curies":[{"name":"wp","href":"https:\/\/api.w.org\/{rel}","templated":true}]}}