{"id":33,"date":"2018-04-16T09:47:28","date_gmt":"2018-04-16T07:47:28","guid":{"rendered":"http:\/\/irisae-conseil.net\/?page_id=33"},"modified":"2024-10-29T14:52:47","modified_gmt":"2024-10-29T13:52:47","slug":"formation-rse","status":"publish","type":"page","link":"https:\/\/irisae-conseil.net\/index.php\/page-d-exemple\/rse\/formation-rse\/","title":{"rendered":"Formations RSE"},"content":{"rendered":"\n<div style=\"height:100px\" aria-hidden=\"true\" class=\"wp-block-spacer\"><\/div>\n\n\n\n<h2 class=\"wp-block-heading\">Notre panel de formations<\/h2>\n\n\n\n<p><strong><em>Nos offres sur mesure :<\/em><\/strong><br>En fonction de vos besoins et des sp\u00e9cificit\u00e9s de votre organisation, ces modules peuvent \u00eatre modifi\u00e9s et adapt\u00e9s.<\/p>\n\n\n\n<div class=\"wp-block-buttons is-layout-flex wp-block-buttons-is-layout-flex\">\n<div class=\"wp-block-button\"><a class=\"wp-block-button__link wp-element-button\" href=\"https:\/\/irisae-conseil.net\/index.php\/page-d-exemple\/contact\/\">Contactez-nous<\/a><\/div>\n<\/div>\n\n\n\n<div style=\"height:100px\" aria-hidden=\"true\" class=\"wp-block-spacer\"><\/div>\n\n\n\n<div class=\"wp-block-columns is-layout-flex wp-container-core-columns-is-layout-1 wp-block-columns-is-layout-flex\">\n<div class=\"wp-block-column is-layout-flow wp-block-column-is-layout-flow\">\n<h2 class=\"wp-block-heading\">Sensibilisation \u00e0 la d\u00e9marche RSE<\/h2>\n\n\n\n<p><strong><em>Objectif <\/em><\/strong>: Formation courte, utile avant ou pour d\u00e9marrer une d\u00e9marche, afin de mieux appr\u00e9hender le concept, identifier la RSE existante et le chantier \u00e0 venir.<br><strong><em>Format <\/em><\/strong>: Une demi-journ\u00e9e<br><strong><em>Public <\/em><\/strong>: Direction, futurs responsables de la d\u00e9marche<\/p>\n<\/div>\n\n\n\n<div class=\"wp-block-column is-layout-flow wp-block-column-is-layout-flow\">\n<h2 class=\"wp-block-heading\">D\u00e9marrer\/relancer une d\u00e9marche RSE<\/h2>\n\n\n\n<p><strong><em>Objectif <\/em><\/strong>: Rentrer dans le d\u00e9tail de la norme ISO26000, et identifier les \u00e9tapes \u00e0 d\u00e9rouler pour lancer ou relancer une d\u00e9marche RSE.<br>Savoir r\u00e9diger son plan d\u2019action RSE.<br><strong><em>Format <\/em><\/strong>: Une journ\u00e9e<br><strong><em>Public <\/em><\/strong>: Responsables et acteurs de la d\u00e9marche<\/p>\n<\/div>\n<\/div>\n\n\n\n<div class=\"wp-block-columns is-layout-flex wp-container-core-columns-is-layout-2 wp-block-columns-is-layout-flex\">\n<div class=\"wp-block-column is-layout-flow wp-block-column-is-layout-flow\">\n<h2 class=\"wp-block-heading\">Analyse des parties prenantes et de mat\u00e9rialit\u00e9<\/h2>\n\n\n\n<p><strong><em>Objectif <\/em><\/strong>: Savoir comment aborder la question de la relation aux parties prenantes, les identifier, les hi\u00e9rarchiser, initier le dialogue RSE<br>Et travailler sur ses enjeux RSE \u00e0 travers l\u2019analyse de mat\u00e9rialit\u00e9<br><strong><em>Format <\/em><\/strong>: Une \u00e0 deux journ\u00e9es en fonction de l\u2019organisation<br><strong><em>Public <\/em><\/strong>: Responsables et acteurs de la d\u00e9marche<\/p>\n<\/div>\n\n\n\n<div class=\"wp-block-column is-layout-flow wp-block-column-is-layout-flow\">\n<h2 class=\"wp-block-heading\">Food Safety Culture responsable<\/h2>\n\n\n\n<p><strong><em>Objectif <\/em><\/strong>: Vous aider \u00e0 comprendre et int\u00e9grer les nouvelles exigences li\u00e9es \u00e0 la Food Safety Culture (r\u00e9f\u00e9rentiel de s\u00e9curit\u00e9 des aliments IFS, BRC, \u2026) dans votre d\u00e9marche RSE<br>Ou d\u00e9marrer une d\u00e9marche RSE conjointement \u00e0 la mise en place des exigences de Food Safety Culture<br><strong><em>Format <\/em><\/strong>: Une journ\u00e9e<br><strong><em>Public <\/em><\/strong>: Responsables et acteurs des d\u00e9marches qualit\u00e9 et RSE<\/p>\n<\/div>\n<\/div>\n\n\n\n<div style=\"height:100px\" aria-hidden=\"true\" class=\"wp-block-spacer\"><\/div>\n\n\n\n<p class=\"has-text-align-center\"><strong>PARLONS ENSEMBLE DE VOTRE PROJET<\/strong><\/p>\n\n\n\n<div class=\"wp-block-buttons is-content-justification-center is-layout-flex wp-container-core-buttons-is-layout-2 wp-block-buttons-is-layout-flex\">\n<div class=\"wp-block-button\"><a class=\"wp-block-button__link has-text-align-center wp-element-button\" href=\"https:\/\/irisae-conseil.net\/index.php\/page-d-exemple\/contact\/\">Contact<\/a><\/div>\n<\/div>\n\n\n\n<div style=\"height:35px\" aria-hidden=\"true\" class=\"wp-block-spacer\"><\/div>\n\n\n\n<p class=\"has-text-align-center\">Estimation de l\u2019impact carbone de la page :<\/p>\n\n\n\n<div id=\"wcb\" class=\"carbonbadge\"><\/div>\n<script src=\"https:\/\/unpkg.com\/website-carbon-badges@1.1.3\/b.min.js\" defer><\/script>\n\n\n\n<div style=\"height:100px\" aria-hidden=\"true\" class=\"wp-block-spacer\"><\/div>\n\n\n\n<p class=\"has-text-align-center\"><strong>SUIVEZ NOUS<\/strong><\/p>\n\n\n\n<p class=\"has-text-align-center\">Retrouvez toutes nos actualit\u00e9s sur LinkedIn<\/p>\n\n\n\n<div class=\"wp-block-buttons is-content-justification-center is-layout-flex wp-container-core-buttons-is-layout-3 wp-block-buttons-is-layout-flex\">\n<div class=\"wp-block-button\"><a class=\"wp-block-button__link has-white-color has-header-gradient-background-color has-text-color has-background has-link-color has-text-align-center wp-element-button\" href=\"http:\/\/www.linkedin.com\/in\/ga\u00eblle-beaune-rse-iaa-audit\">LinkedIn<\/a><\/div>\n<\/div>\n\n\n\n<div style=\"height:100px\" aria-hidden=\"true\" class=\"wp-block-spacer\"><\/div>\n","protected":false},"excerpt":{"rendered":"<p>Notre panel de formations Nos offres sur mesure :En fonction de vos besoins et des sp\u00e9cificit\u00e9s de votre organisation, ces modules peuvent \u00eatre modifi\u00e9s et adapt\u00e9s. Sensibilisation \u00e0 la d\u00e9marche RSE Objectif : Formation courte, utile avant ou pour d\u00e9marrer une d\u00e9marche, afin de mieux appr\u00e9hender le concept, identifier la [&hellip;]<\/p>\n","protected":false},"author":1,"featured_media":0,"parent":101,"menu_order":0,"comment_status":"closed","ping_status":"closed","template":"page-templates\/template-fullwidth.php","meta":{"om_disable_all_campaigns":false,"_monsterinsights_skip_tracking":false,"_monsterinsights_sitenote_active":false,"_monsterinsights_sitenote_note":"","_monsterinsights_sitenote_category":0,"_uf_show_specific_survey":0,"_uf_disable_surveys":false,"footnotes":""},"class_list":["post-33","page","type-page","status-publish","hentry"],"yoast_head":"<!-- This site is optimized with the Yoast SEO plugin v26.8 - https:\/\/yoast.com\/product\/yoast-seo-wordpress\/ -->\n<title>Formations RSE - IRISAE CONSEIL<\/title>\n<meta name=\"robots\" content=\"index, follow, max-snippet:-1, max-image-preview:large, max-video-preview:-1\" \/>\n<link rel=\"canonical\" href=\"https:\/\/irisae-conseil.net\/index.php\/page-d-exemple\/rse\/formation-rse\/\" \/>\n<meta property=\"og:locale\" content=\"fr_FR\" \/>\n<meta property=\"og:type\" content=\"article\" \/>\n<meta property=\"og:title\" content=\"Formations RSE - IRISAE CONSEIL\" \/>\n<meta property=\"og:description\" content=\"Notre panel de formations Nos offres sur mesure :En fonction de vos besoins et des sp\u00e9cificit\u00e9s de votre organisation, ces modules peuvent \u00eatre modifi\u00e9s et adapt\u00e9s. Sensibilisation \u00e0 la d\u00e9marche RSE Objectif : Formation courte, utile avant ou pour d\u00e9marrer une d\u00e9marche, afin de mieux appr\u00e9hender le concept, identifier la [&hellip;]\" \/>\n<meta property=\"og:url\" content=\"https:\/\/irisae-conseil.net\/index.php\/page-d-exemple\/rse\/formation-rse\/\" \/>\n<meta property=\"og:site_name\" content=\"IRISAE CONSEIL\" \/>\n<meta property=\"article:modified_time\" content=\"2024-10-29T13:52:47+00:00\" \/>\n<meta name=\"twitter:card\" content=\"summary_large_image\" \/>\n<meta name=\"twitter:label1\" content=\"Dur\u00e9e de lecture estim\u00e9e\" \/>\n\t<meta name=\"twitter:data1\" content=\"2 minutes\" \/>\n<script type=\"application\/ld+json\" class=\"yoast-schema-graph\">{\"@context\":\"https:\/\/schema.org\",\"@graph\":[{\"@type\":\"WebPage\",\"@id\":\"https:\/\/irisae-conseil.net\/index.php\/page-d-exemple\/rse\/formation-rse\/\",\"url\":\"https:\/\/irisae-conseil.net\/index.php\/page-d-exemple\/rse\/formation-rse\/\",\"name\":\"Formations RSE - IRISAE CONSEIL\",\"isPartOf\":{\"@id\":\"https:\/\/irisae-conseil.net\/#website\"},\"datePublished\":\"2018-04-16T07:47:28+00:00\",\"dateModified\":\"2024-10-29T13:52:47+00:00\",\"breadcrumb\":{\"@id\":\"https:\/\/irisae-conseil.net\/index.php\/page-d-exemple\/rse\/formation-rse\/#breadcrumb\"},\"inLanguage\":\"fr-FR\",\"potentialAction\":[{\"@type\":\"ReadAction\",\"target\":[\"https:\/\/irisae-conseil.net\/index.php\/page-d-exemple\/rse\/formation-rse\/\"]}]},{\"@type\":\"BreadcrumbList\",\"@id\":\"https:\/\/irisae-conseil.net\/index.php\/page-d-exemple\/rse\/formation-rse\/#breadcrumb\",\"itemListElement\":[{\"@type\":\"ListItem\",\"position\":1,\"name\":\"Accueil\",\"item\":\"https:\/\/irisae-conseil.net\/\"},{\"@type\":\"ListItem\",\"position\":2,\"name\":\"La RSE\",\"item\":\"https:\/\/irisae-conseil.net\/index.php\/page-d-exemple\/rse\/\"},{\"@type\":\"ListItem\",\"position\":3,\"name\":\"Formations RSE\"}]},{\"@type\":\"WebSite\",\"@id\":\"https:\/\/irisae-conseil.net\/#website\",\"url\":\"https:\/\/irisae-conseil.net\/\",\"name\":\"IRISAE CONSEIL\",\"description\":\"Audit, formation, accompagnement en RSE, S\u00e9curit\u00e9 des Aliments, et lutte contre le gaspillage alimentaire\",\"publisher\":{\"@id\":\"https:\/\/irisae-conseil.net\/#organization\"},\"potentialAction\":[{\"@type\":\"SearchAction\",\"target\":{\"@type\":\"EntryPoint\",\"urlTemplate\":\"https:\/\/irisae-conseil.net\/?s={search_term_string}\"},\"query-input\":{\"@type\":\"PropertyValueSpecification\",\"valueRequired\":true,\"valueName\":\"search_term_string\"}}],\"inLanguage\":\"fr-FR\"},{\"@type\":\"Organization\",\"@id\":\"https:\/\/irisae-conseil.net\/#organization\",\"name\":\"IRISAE CONSEIL\",\"url\":\"https:\/\/irisae-conseil.net\/\",\"logo\":{\"@type\":\"ImageObject\",\"inLanguage\":\"fr-FR\",\"@id\":\"https:\/\/irisae-conseil.net\/#\/schema\/logo\/image\/\",\"url\":\"https:\/\/irisae-conseil.net\/wp-content\/uploads\/2020\/10\/cropped-logo_irisae.png\",\"contentUrl\":\"https:\/\/irisae-conseil.net\/wp-content\/uploads\/2020\/10\/cropped-logo_irisae.png\",\"width\":2114,\"height\":412,\"caption\":\"IRISAE CONSEIL\"},\"image\":{\"@id\":\"https:\/\/irisae-conseil.net\/#\/schema\/logo\/image\/\"},\"sameAs\":[\"https:\/\/www.linkedin.com\/in\/ga\u00eblle-beaune-rse-iaa-audit\/\"]}]}<\/script>\n<!-- \/ Yoast SEO plugin. -->","yoast_head_json":{"title":"Formations RSE - IRISAE CONSEIL","robots":{"index":"index","follow":"follow","max-snippet":"max-snippet:-1","max-image-preview":"max-image-preview:large","max-video-preview":"max-video-preview:-1"},"canonical":"https:\/\/irisae-conseil.net\/index.php\/page-d-exemple\/rse\/formation-rse\/","og_locale":"fr_FR","og_type":"article","og_title":"Formations RSE - IRISAE CONSEIL","og_description":"Notre panel de formations Nos offres sur mesure :En fonction de vos besoins et des sp\u00e9cificit\u00e9s de votre organisation, ces modules peuvent \u00eatre modifi\u00e9s et adapt\u00e9s. Sensibilisation \u00e0 la d\u00e9marche RSE Objectif : Formation courte, utile avant ou pour d\u00e9marrer une d\u00e9marche, afin de mieux appr\u00e9hender le concept, identifier la [&hellip;]","og_url":"https:\/\/irisae-conseil.net\/index.php\/page-d-exemple\/rse\/formation-rse\/","og_site_name":"IRISAE CONSEIL","article_modified_time":"2024-10-29T13:52:47+00:00","twitter_card":"summary_large_image","twitter_misc":{"Dur\u00e9e de lecture estim\u00e9e":"2 minutes"},"schema":{"@context":"https:\/\/schema.org","@graph":[{"@type":"WebPage","@id":"https:\/\/irisae-conseil.net\/index.php\/page-d-exemple\/rse\/formation-rse\/","url":"https:\/\/irisae-conseil.net\/index.php\/page-d-exemple\/rse\/formation-rse\/","name":"Formations RSE - IRISAE CONSEIL","isPartOf":{"@id":"https:\/\/irisae-conseil.net\/#website"},"datePublished":"2018-04-16T07:47:28+00:00","dateModified":"2024-10-29T13:52:47+00:00","breadcrumb":{"@id":"https:\/\/irisae-conseil.net\/index.php\/page-d-exemple\/rse\/formation-rse\/#breadcrumb"},"inLanguage":"fr-FR","potentialAction":[{"@type":"ReadAction","target":["https:\/\/irisae-conseil.net\/index.php\/page-d-exemple\/rse\/formation-rse\/"]}]},{"@type":"BreadcrumbList","@id":"https:\/\/irisae-conseil.net\/index.php\/page-d-exemple\/rse\/formation-rse\/#breadcrumb","itemListElement":[{"@type":"ListItem","position":1,"name":"Accueil","item":"https:\/\/irisae-conseil.net\/"},{"@type":"ListItem","position":2,"name":"La RSE","item":"https:\/\/irisae-conseil.net\/index.php\/page-d-exemple\/rse\/"},{"@type":"ListItem","position":3,"name":"Formations RSE"}]},{"@type":"WebSite","@id":"https:\/\/irisae-conseil.net\/#website","url":"https:\/\/irisae-conseil.net\/","name":"IRISAE CONSEIL","description":"Audit, formation, accompagnement en RSE, S\u00e9curit\u00e9 des Aliments, et lutte contre le gaspillage alimentaire","publisher":{"@id":"https:\/\/irisae-conseil.net\/#organization"},"potentialAction":[{"@type":"SearchAction","target":{"@type":"EntryPoint","urlTemplate":"https:\/\/irisae-conseil.net\/?s={search_term_string}"},"query-input":{"@type":"PropertyValueSpecification","valueRequired":true,"valueName":"search_term_string"}}],"inLanguage":"fr-FR"},{"@type":"Organization","@id":"https:\/\/irisae-conseil.net\/#organization","name":"IRISAE CONSEIL","url":"https:\/\/irisae-conseil.net\/","logo":{"@type":"ImageObject","inLanguage":"fr-FR","@id":"https:\/\/irisae-conseil.net\/#\/schema\/logo\/image\/","url":"https:\/\/irisae-conseil.net\/wp-content\/uploads\/2020\/10\/cropped-logo_irisae.png","contentUrl":"https:\/\/irisae-conseil.net\/wp-content\/uploads\/2020\/10\/cropped-logo_irisae.png","width":2114,"height":412,"caption":"IRISAE CONSEIL"},"image":{"@id":"https:\/\/irisae-conseil.net\/#\/schema\/logo\/image\/"},"sameAs":["https:\/\/www.linkedin.com\/in\/ga\u00eblle-beaune-rse-iaa-audit\/"]}]}},"_links":{"self":[{"href":"https:\/\/irisae-conseil.net\/index.php\/wp-json\/wp\/v2\/pages\/33","targetHints":{"allow":["GET"]}}],"collection":[{"href":"https:\/\/irisae-conseil.net\/index.php\/wp-json\/wp\/v2\/pages"}],"about":[{"href":"https:\/\/irisae-conseil.net\/index.php\/wp-json\/wp\/v2\/types\/page"}],"author":[{"embeddable":true,"href":"https:\/\/irisae-conseil.net\/index.php\/wp-json\/wp\/v2\/users\/1"}],"replies":[{"embeddable":true,"href":"https:\/\/irisae-conseil.net\/index.php\/wp-json\/wp\/v2\/comments?post=33"}],"version-history":[{"count":42,"href":"https:\/\/irisae-conseil.net\/index.php\/wp-json\/wp\/v2\/pages\/33\/revisions"}],"predecessor-version":[{"id":1513,"href":"https:\/\/irisae-conseil.net\/index.php\/wp-json\/wp\/v2\/pages\/33\/revisions\/1513"}],"up":[{"embeddable":true,"href":"https:\/\/irisae-conseil.net\/index.php\/wp-json\/wp\/v2\/pages\/101"}],"wp:attachment":[{"href":"https:\/\/irisae-conseil.net\/index.php\/wp-json\/wp\/v2\/media?parent=33"}],"curies":[{"name":"wp","href":"https:\/\/api.w.org\/{rel}","templated":true}]}}