{"id":1438,"date":"2024-10-28T17:07:34","date_gmt":"2024-10-28T16:07:34","guid":{"rendered":"https:\/\/irisae-conseil.net\/?page_id=1438"},"modified":"2026-01-02T17:04:16","modified_gmt":"2026-01-02T16:04:16","slug":"qui-sommes-nous-6","status":"publish","type":"page","link":"https:\/\/irisae-conseil.net\/index.php\/qui-sommes-nous-6\/","title":{"rendered":"Qui sommes-nous ?"},"content":{"rendered":"\n<h3 class=\"wp-block-heading\">Depuis sa fondation en 2015, IRISAE Conseil, accompagne les entreprises, petites et grandes, dans la mise en oeuvre de leurs d\u00e9marches QSE, RSE et de S\u00e9curit\u00e9 des Aliments.<\/h3>\n\n\n\n<div class=\"wp-block-group\"><div class=\"wp-block-group__inner-container is-layout-constrained wp-block-group-is-layout-constrained\">\n<div class=\"wp-block-group alignwide\"><div class=\"wp-block-group__inner-container is-layout-constrained wp-block-group-is-layout-constrained\">\n<div style=\"height:9px\" aria-hidden=\"true\" class=\"wp-block-spacer\"><\/div>\n\n\n\n<div class=\"wp-block-group has-background\" style=\"border-radius:8px;background-color:#f9f8f7;padding-top:32px;padding-right:32px;padding-bottom:32px;padding-left:32px\"><div class=\"wp-block-group__inner-container is-layout-constrained wp-container-core-group-is-layout-2 wp-block-group-is-layout-constrained\">\n<div class=\"wp-block-columns is-layout-flex wp-container-core-columns-is-layout-1 wp-block-columns-is-layout-flex\">\n<div class=\"wp-block-column is-layout-flow wp-block-column-is-layout-flow\" style=\"flex-basis:33.33%\">\n<div class=\"wp-block-group\" style=\"margin-top:-64px\"><div class=\"wp-block-group__inner-container is-layout-constrained wp-block-group-is-layout-constrained\"><div class=\"wp-block-image\">\n<figure class=\"aligncenter size-full is-resized has-custom-border\"><img loading=\"lazy\" decoding=\"async\" width=\"1105\" height=\"1128\" src=\"https:\/\/irisae-conseil.net\/wp-content\/uploads\/2020\/11\/Portrait-Gaelle-281024.jpg\" alt=\"\" class=\"wp-image-1419\" style=\"border-radius:8px;aspect-ratio:0.75;object-fit:cover;width:244px;height:auto\" srcset=\"https:\/\/irisae-conseil.net\/wp-content\/uploads\/2020\/11\/Portrait-Gaelle-281024.jpg 1105w, https:\/\/irisae-conseil.net\/wp-content\/uploads\/2020\/11\/Portrait-Gaelle-281024-294x300.jpg 294w, https:\/\/irisae-conseil.net\/wp-content\/uploads\/2020\/11\/Portrait-Gaelle-281024-1003x1024.jpg 1003w, https:\/\/irisae-conseil.net\/wp-content\/uploads\/2020\/11\/Portrait-Gaelle-281024-768x784.jpg 768w\" sizes=\"auto, (max-width: 1105px) 100vw, 1105px\" \/><figcaption class=\"wp-element-caption\"><strong>Fondatrice d&rsquo;IRISAE<\/strong><br><strong>et consultante-auditrice-formatrice<\/strong><\/figcaption><\/figure><\/div><\/div><\/div>\n<\/div>\n\n\n\n<div class=\"wp-block-column is-vertically-aligned-center is-layout-flow wp-container-core-column-is-layout-2 wp-block-column-is-layout-flow\" style=\"flex-basis:66.66%\">\n<h2 class=\"wp-block-heading\">Ga\u00eblle Beaune<\/h2>\n\n\n\n<blockquote class=\"wp-block-quote is-layout-flow wp-block-quote-is-layout-flow\">\n<h2 class=\"wp-block-heading has-small-font-size\"><\/h2>\n<\/blockquote>\n\n\n\n<p>Sp\u00e9cialiste de la RSE, j\u2019accompagne les entreprises dans leur \u00e9volution vers des mod\u00e8les plus durables, que ce soit d\u2019un point de vue \u00e9conomique, soci\u00e9tal, ou environnemental. <br>Je mets \u00e9galement \u00e0 disposition des entreprises, mon expertise dans les domaines de la s\u00e9curit\u00e9 des aliments et qualit\u00e9 (auditrice IFS depuis 2006 + BRC \u2013 22000 \u2013 ISO 9001 \u2013 \u2026) et de la lutte contre le gaspillage alimentaire.<br>Exp\u00e9rience : 12 ans en industrie et 15 ans en cabinet d\u2019audit\/conseil, plus de 300 audits (qualit\u00e9\/RSE)<br>Outils propos\u00e9s : formation, \u00e9tat des lieux, accompagnement (conseil, suivi r\u00e9gulier, guidage dans les plans d\u2019action), audit<\/p>\n<\/div>\n<\/div>\n<\/div><\/div>\n\n\n\n<div style=\"height:32px\" aria-hidden=\"true\" class=\"wp-block-spacer\"><\/div>\n<\/div><\/div>\n<\/div><\/div>\n\n\n\n<div style=\"height:100px\" aria-hidden=\"true\" class=\"wp-block-spacer\"><\/div>\n\n\n\n<h2 class=\"wp-block-heading\">D\u00e9marche RSE IRISAE<\/h2>\n\n\n\n<p>M\u00eame une petite structure de conseil peut mettre en place une d\u00e9marche RSE. Ainsi, \u00e0 l&rsquo;image de ce que nos entreprises clientes r\u00e9alisent, une d\u00e9marche RSE a \u00e9t\u00e9 men\u00e9e d\u00e8s 2018, et est r\u00e9guli\u00e8rement revue au sein d&rsquo;IRISAE.<\/p>\n\n\n\n<p><\/p>\n\n\n\n<p>Elle s&rsquo;articule autour des valeurs suivantes = <strong>respect et responsabilit\u00e9<\/strong>.<\/p>\n\n\n\n<p>Engagement = <strong>Concilier valeurs personnelles et activit\u00e9 professionnelle<\/strong>.<\/p>\n\n\n\n<p><\/p>\n\n\n\n<p>Pour mesurer les progr\u00e8s, une \u00e9valuation crois\u00e9e est r\u00e9guli\u00e8rement men\u00e9e par 2 membres de l&rsquo;association LED (devenue <a href=\"https:\/\/irisae-conseil.net\/index.php\/page-d-exemple\/partenaires\/\">association Anais<\/a> depuis fin 2022). Cet exercice est d&rsquo;une grande utilit\u00e9.<\/p>\n\n\n<div class=\"wp-block-image wp-block-image aligncenter size-full is-resized\">\n<figure class=\"\"><img loading=\"lazy\" decoding=\"async\" width=\"625\" height=\"365\" src=\"https:\/\/irisae-conseil.net\/wp-content\/uploads\/2022\/01\/Eval-LED-2021.png\" alt=\"\" class=\"wp-image-1271\" srcset=\"https:\/\/irisae-conseil.net\/wp-content\/uploads\/2022\/01\/Eval-LED-2021.png 625w, https:\/\/irisae-conseil.net\/wp-content\/uploads\/2022\/01\/Eval-LED-2021-300x175.png 300w\" sizes=\"auto, (max-width: 625px) 100vw, 625px\" \/><figcaption class=\"wp-element-caption\"><em>R\u00e9sultat de l&rsquo;\u00e9valuation LED de novembre 2021<\/em> (% de performance par question centrale ISO 26000 \u00e9valu\u00e9e)<\/figcaption><\/figure><\/div>\n\n\n<p>Un plan d&rsquo;action et une analyse de parties prenantes sont mis en place et revus tous les 3 ans. Pour 2022, les <strong>4 axes<\/strong>&nbsp;du plan d&rsquo;action sont les suivants : d\u00e9placement, eau-\u00e9nergie, \u00e9quipement, gouvernance.<\/p>\n\n\n\n<div style=\"height:100px\" aria-hidden=\"true\" class=\"wp-block-spacer\"><\/div>\n\n\n\n<h2 class=\"wp-block-heading\">Indicateurs RSE IRISAE<\/h2>\n\n\n\n<p>L&rsquo;impact essentiel de l&rsquo;activit\u00e9 est li\u00e9 aux d\u00e9placements. Des indicateurs sont calcul\u00e9s depuis plusieurs ann\u00e9es pour suivre l&rsquo;\u00e9valuation des d\u00e9placements et des \u00e9missions de CO2 li\u00e9es.<\/p>\n\n\n\n<div class=\"wp-block-media-text is-stacked-on-mobile\"><figure class=\"wp-block-media-text__media\"><a href=\"https:\/\/irisae-conseil.net\/wp-content\/uploads\/2026\/01\/Impact-2025-1.png\"><img loading=\"lazy\" decoding=\"async\" width=\"680\" height=\"409\" src=\"https:\/\/irisae-conseil.net\/wp-content\/uploads\/2026\/01\/Impact-2025-1.png\" alt=\"\" class=\"wp-image-1679 size-full\" srcset=\"https:\/\/irisae-conseil.net\/wp-content\/uploads\/2026\/01\/Impact-2025-1.png 680w, https:\/\/irisae-conseil.net\/wp-content\/uploads\/2026\/01\/Impact-2025-1-300x180.png 300w\" sizes=\"auto, (max-width: 680px) 100vw, 680px\" \/><\/a><\/figure><div class=\"wp-block-media-text__content\">\n<p>La r\u00e9partition des modes de transport impacte logiquement fortement les \u00e9missions. En effet, une mission effectu\u00e9e en avion sur 2023 (Limoges-Lyon aller-retour) a fait doubler les \u00e9missions totales de l&rsquo;ann\u00e9e &#8230;<\/p>\n<\/div><\/div>\n\n\n\n<div class=\"wp-block-media-text has-media-on-the-right is-stacked-on-mobile\"><div class=\"wp-block-media-text__content\">\n<p>Objectif : plus aucun d\u00e9placement en avion \u00e0 partir de 2024, et recours au train le plus souvent possible.<\/p>\n<\/div><figure class=\"wp-block-media-text__media\"><img loading=\"lazy\" decoding=\"async\" width=\"1024\" height=\"416\" src=\"https:\/\/irisae-conseil.net\/wp-content\/uploads\/2026\/01\/Impact-2025-bis-1-1024x416.png\" alt=\"\" class=\"wp-image-1680 size-full\" srcset=\"https:\/\/irisae-conseil.net\/wp-content\/uploads\/2026\/01\/Impact-2025-bis-1-1024x416.png 1024w, https:\/\/irisae-conseil.net\/wp-content\/uploads\/2026\/01\/Impact-2025-bis-1-300x122.png 300w, https:\/\/irisae-conseil.net\/wp-content\/uploads\/2026\/01\/Impact-2025-bis-1-768x312.png 768w, https:\/\/irisae-conseil.net\/wp-content\/uploads\/2026\/01\/Impact-2025-bis-1.png 1145w\" sizes=\"auto, (max-width: 1024px) 100vw, 1024px\" \/><\/figure><\/div>\n\n\n\n<div style=\"height:100px\" aria-hidden=\"true\" class=\"wp-block-spacer\"><\/div>\n\n\n\n<p class=\"has-text-align-center\">Estimation de l&rsquo;impact carbone de la page :<\/p>\n\n\n\n<div id=\"wcb\" class=\"carbonbadge\"><\/div>\n<script src=\"https:\/\/unpkg.com\/website-carbon-badges@1.1.3\/b.min.js\" defer><\/script>\n\n\n\n<div style=\"height:100px\" aria-hidden=\"true\" class=\"wp-block-spacer\"><\/div>\n\n\n\n<h1 class=\"wp-block-heading\"><em>Ils nous font confiance<\/em><\/h1>\n\n\n\n<div class=\"wp-block-media-text is-stacked-on-mobile\"><figure class=\"wp-block-media-text__media\"><img loading=\"lazy\" decoding=\"async\" width=\"1024\" height=\"748\" src=\"https:\/\/irisae-conseil.net\/wp-content\/uploads\/2024\/11\/Carte-clients-maj-oct24-1024x748.jpg\" alt=\"\" class=\"wp-image-1603 size-full\" srcset=\"https:\/\/irisae-conseil.net\/wp-content\/uploads\/2024\/11\/Carte-clients-maj-oct24-1024x748.jpg 1024w, https:\/\/irisae-conseil.net\/wp-content\/uploads\/2024\/11\/Carte-clients-maj-oct24-300x219.jpg 300w, https:\/\/irisae-conseil.net\/wp-content\/uploads\/2024\/11\/Carte-clients-maj-oct24-768x561.jpg 768w, https:\/\/irisae-conseil.net\/wp-content\/uploads\/2024\/11\/Carte-clients-maj-oct24.jpg 1416w\" sizes=\"auto, (max-width: 1024px) 100vw, 1024px\" \/><\/figure><div class=\"wp-block-media-text__content\">\n<h3 class=\"wp-block-heading\">Secteurs d&rsquo;activit\u00e9s de nos clients :<\/h3>\n\n\n\n<p>Agro-alimentaire, cosm\u00e9tique, hygi\u00e8ne, emballage, logistique, restauration collective, m\u00e9thanisation, Bureaux d&rsquo;\u00c9tude en Environnement, Collectivit\u00e9s<\/p>\n\n\n\n<figure class=\"wp-block-image size-large\"><img loading=\"lazy\" decoding=\"async\" width=\"1024\" height=\"320\" src=\"https:\/\/irisae-conseil.net\/wp-content\/uploads\/2024\/11\/Ils-nous-font-confiance-1024x320.png\" alt=\"\" class=\"wp-image-1624\" srcset=\"https:\/\/irisae-conseil.net\/wp-content\/uploads\/2024\/11\/Ils-nous-font-confiance-1024x320.png 1024w, https:\/\/irisae-conseil.net\/wp-content\/uploads\/2024\/11\/Ils-nous-font-confiance-300x94.png 300w, https:\/\/irisae-conseil.net\/wp-content\/uploads\/2024\/11\/Ils-nous-font-confiance-768x240.png 768w, https:\/\/irisae-conseil.net\/wp-content\/uploads\/2024\/11\/Ils-nous-font-confiance-1536x480.png 1536w, https:\/\/irisae-conseil.net\/wp-content\/uploads\/2024\/11\/Ils-nous-font-confiance.png 1832w\" sizes=\"auto, (max-width: 1024px) 100vw, 1024px\" \/><\/figure>\n<\/div><\/div>\n\n\n\n<section class=\"wp-block-themeisle-blocks-advanced-columns alignfull has-1-columns has-desktop-equal-layout has-tablet-equal-layout has-mobile-equal-layout has-nogap-gap has-vertical-center\" id=\"wp-block-themeisle-blocks-advanced-columns-ef76725a\"><div class=\"wp-block-themeisle-blocks-advanced-columns-overlay\"><\/div><div class=\"innerblocks-wrap\">\n<div class=\"wp-block-themeisle-blocks-advanced-column\" id=\"wp-block-themeisle-blocks-advanced-column-d4ebe7cf\">\n<h2 class=\"has-text-align-center has-black-color has-text-color wp-block-heading\"><mark style=\"background-color:rgba(0, 0, 0, 0)\" class=\"has-inline-color has-black-color\">Suivez-nous<\/mark><\/h2>\n\n\n\n<p class=\"has-text-align-center has-black-color has-text-color\"><mark style=\"background-color:rgba(0, 0, 0, 0)\" class=\"has-inline-color has-black-color\">Retrouvez toutes nos actualit\u00e9s sur LinkedIn <\/mark><\/p>\n\n\n\n<div class=\"wp-block-buttons is-content-justification-center is-layout-flex wp-container-core-buttons-is-layout-1 wp-block-buttons-is-layout-flex\">\n<div class=\"wp-block-button is-style-fill\"><a class=\"wp-block-button__link has-white-color has-text-color has-background wp-element-button\" href=\"https:\/\/www.linkedin.com\/in\/ga%C3%ABlle-beaune-rse-iaa-audit\/\" style=\"border-radius:50px;background-color:#1a64b3\" target=\"_blank\" rel=\"noreferrer noopener\">LinkedIn<\/a><\/div>\n<\/div>\n<\/div>\n<\/div><\/section>\n\n\n\n<div style=\"height:100px\" aria-hidden=\"true\" class=\"wp-block-spacer\"><\/div>\n\n\n\n<p class=\"has-text-align-center\"><strong>PARLONS ENSEMBLE DE VOTRE PROJET<\/strong><\/p>\n\n\n\n<div class=\"wp-block-buttons is-content-justification-center is-layout-flex wp-container-core-buttons-is-layout-2 wp-block-buttons-is-layout-flex\">\n<div class=\"wp-block-button\"><a class=\"wp-block-button__link has-text-align-center wp-element-button\" href=\"https:\/\/irisae-conseil.net\/index.php\/page-d-exemple\/contact\/\">Contact<\/a><\/div>\n<\/div>\n\n\n\n<div style=\"height:35px\" aria-hidden=\"true\" class=\"wp-block-spacer\"><\/div>\n\n\n\n<p class=\"has-text-align-center\">Estimation de l\u2019impact carbone de la page :<\/p>\n\n\n\n<div id=\"wcb\" class=\"carbonbadge\"><\/div>\n<script src=\"https:\/\/unpkg.com\/website-carbon-badges@1.1.3\/b.min.js\" defer><\/script>\n","protected":false},"excerpt":{"rendered":"<p>Depuis sa fondation en 2015, IRISAE Conseil, accompagne les entreprises, petites et grandes, dans la mise en oeuvre de leurs d\u00e9marches QSE, RSE et de S\u00e9curit\u00e9 des Aliments. D\u00e9marche RSE IRISAE M\u00eame une petite structure de conseil peut mettre en place une d\u00e9marche RSE. Ainsi, \u00e0 l&rsquo;image de ce que [&hellip;]<\/p>\n","protected":false},"author":1,"featured_media":0,"parent":0,"menu_order":0,"comment_status":"closed","ping_status":"closed","template":"page-templates\/template-fullwidth.php","meta":{"om_disable_all_campaigns":false,"_monsterinsights_skip_tracking":false,"_monsterinsights_sitenote_active":false,"_monsterinsights_sitenote_note":"","_monsterinsights_sitenote_category":0,"_uf_show_specific_survey":0,"_uf_disable_surveys":false,"footnotes":""},"class_list":["post-1438","page","type-page","status-publish","hentry"],"yoast_head":"<!-- This site is optimized with the Yoast SEO plugin v26.8 - https:\/\/yoast.com\/product\/yoast-seo-wordpress\/ -->\n<title>Qui sommes-nous ? - IRISAE CONSEIL<\/title>\n<meta name=\"robots\" content=\"index, follow, max-snippet:-1, max-image-preview:large, max-video-preview:-1\" \/>\n<link rel=\"canonical\" href=\"https:\/\/irisae-conseil.net\/index.php\/qui-sommes-nous-6\/\" \/>\n<meta property=\"og:locale\" content=\"fr_FR\" \/>\n<meta property=\"og:type\" content=\"article\" \/>\n<meta property=\"og:title\" content=\"Qui sommes-nous ? - IRISAE CONSEIL\" \/>\n<meta property=\"og:description\" content=\"Depuis sa fondation en 2015, IRISAE Conseil, accompagne les entreprises, petites et grandes, dans la mise en oeuvre de leurs d\u00e9marches QSE, RSE et de S\u00e9curit\u00e9 des Aliments. D\u00e9marche RSE IRISAE M\u00eame une petite structure de conseil peut mettre en place une d\u00e9marche RSE. Ainsi, \u00e0 l&rsquo;image de ce que [&hellip;]\" \/>\n<meta property=\"og:url\" content=\"https:\/\/irisae-conseil.net\/index.php\/qui-sommes-nous-6\/\" \/>\n<meta property=\"og:site_name\" content=\"IRISAE CONSEIL\" \/>\n<meta property=\"article:modified_time\" content=\"2026-01-02T16:04:16+00:00\" \/>\n<meta property=\"og:image\" content=\"https:\/\/irisae-conseil.net\/wp-content\/uploads\/2022\/01\/Eval-LED-2021.png\" \/>\n<meta name=\"twitter:card\" content=\"summary_large_image\" \/>\n<meta name=\"twitter:label1\" content=\"Dur\u00e9e de lecture estim\u00e9e\" \/>\n\t<meta name=\"twitter:data1\" content=\"5 minutes\" \/>\n<script type=\"application\/ld+json\" class=\"yoast-schema-graph\">{\"@context\":\"https:\/\/schema.org\",\"@graph\":[{\"@type\":\"WebPage\",\"@id\":\"https:\/\/irisae-conseil.net\/index.php\/qui-sommes-nous-6\/\",\"url\":\"https:\/\/irisae-conseil.net\/index.php\/qui-sommes-nous-6\/\",\"name\":\"Qui sommes-nous ? - IRISAE CONSEIL\",\"isPartOf\":{\"@id\":\"https:\/\/irisae-conseil.net\/#website\"},\"primaryImageOfPage\":{\"@id\":\"https:\/\/irisae-conseil.net\/index.php\/qui-sommes-nous-6\/#primaryimage\"},\"image\":{\"@id\":\"https:\/\/irisae-conseil.net\/index.php\/qui-sommes-nous-6\/#primaryimage\"},\"thumbnailUrl\":\"https:\/\/irisae-conseil.net\/wp-content\/uploads\/2022\/01\/Eval-LED-2021.png\",\"datePublished\":\"2024-10-28T16:07:34+00:00\",\"dateModified\":\"2026-01-02T16:04:16+00:00\",\"breadcrumb\":{\"@id\":\"https:\/\/irisae-conseil.net\/index.php\/qui-sommes-nous-6\/#breadcrumb\"},\"inLanguage\":\"fr-FR\",\"potentialAction\":[{\"@type\":\"ReadAction\",\"target\":[\"https:\/\/irisae-conseil.net\/index.php\/qui-sommes-nous-6\/\"]}]},{\"@type\":\"ImageObject\",\"inLanguage\":\"fr-FR\",\"@id\":\"https:\/\/irisae-conseil.net\/index.php\/qui-sommes-nous-6\/#primaryimage\",\"url\":\"https:\/\/irisae-conseil.net\/wp-content\/uploads\/2022\/01\/Eval-LED-2021.png\",\"contentUrl\":\"https:\/\/irisae-conseil.net\/wp-content\/uploads\/2022\/01\/Eval-LED-2021.png\",\"width\":625,\"height\":365},{\"@type\":\"BreadcrumbList\",\"@id\":\"https:\/\/irisae-conseil.net\/index.php\/qui-sommes-nous-6\/#breadcrumb\",\"itemListElement\":[{\"@type\":\"ListItem\",\"position\":1,\"name\":\"Accueil\",\"item\":\"https:\/\/irisae-conseil.net\/\"},{\"@type\":\"ListItem\",\"position\":2,\"name\":\"Qui sommes-nous ?\"}]},{\"@type\":\"WebSite\",\"@id\":\"https:\/\/irisae-conseil.net\/#website\",\"url\":\"https:\/\/irisae-conseil.net\/\",\"name\":\"IRISAE CONSEIL\",\"description\":\"Audit, formation, accompagnement en RSE, S\u00e9curit\u00e9 des Aliments, et lutte contre le gaspillage alimentaire\",\"publisher\":{\"@id\":\"https:\/\/irisae-conseil.net\/#organization\"},\"potentialAction\":[{\"@type\":\"SearchAction\",\"target\":{\"@type\":\"EntryPoint\",\"urlTemplate\":\"https:\/\/irisae-conseil.net\/?s={search_term_string}\"},\"query-input\":{\"@type\":\"PropertyValueSpecification\",\"valueRequired\":true,\"valueName\":\"search_term_string\"}}],\"inLanguage\":\"fr-FR\"},{\"@type\":\"Organization\",\"@id\":\"https:\/\/irisae-conseil.net\/#organization\",\"name\":\"IRISAE CONSEIL\",\"url\":\"https:\/\/irisae-conseil.net\/\",\"logo\":{\"@type\":\"ImageObject\",\"inLanguage\":\"fr-FR\",\"@id\":\"https:\/\/irisae-conseil.net\/#\/schema\/logo\/image\/\",\"url\":\"https:\/\/irisae-conseil.net\/wp-content\/uploads\/2020\/10\/cropped-logo_irisae.png\",\"contentUrl\":\"https:\/\/irisae-conseil.net\/wp-content\/uploads\/2020\/10\/cropped-logo_irisae.png\",\"width\":2114,\"height\":412,\"caption\":\"IRISAE CONSEIL\"},\"image\":{\"@id\":\"https:\/\/irisae-conseil.net\/#\/schema\/logo\/image\/\"},\"sameAs\":[\"https:\/\/www.linkedin.com\/in\/ga\u00eblle-beaune-rse-iaa-audit\/\"]}]}<\/script>\n<!-- \/ Yoast SEO plugin. -->","yoast_head_json":{"title":"Qui sommes-nous ? - IRISAE CONSEIL","robots":{"index":"index","follow":"follow","max-snippet":"max-snippet:-1","max-image-preview":"max-image-preview:large","max-video-preview":"max-video-preview:-1"},"canonical":"https:\/\/irisae-conseil.net\/index.php\/qui-sommes-nous-6\/","og_locale":"fr_FR","og_type":"article","og_title":"Qui sommes-nous ? - IRISAE CONSEIL","og_description":"Depuis sa fondation en 2015, IRISAE Conseil, accompagne les entreprises, petites et grandes, dans la mise en oeuvre de leurs d\u00e9marches QSE, RSE et de S\u00e9curit\u00e9 des Aliments. D\u00e9marche RSE IRISAE M\u00eame une petite structure de conseil peut mettre en place une d\u00e9marche RSE. Ainsi, \u00e0 l&rsquo;image de ce que [&hellip;]","og_url":"https:\/\/irisae-conseil.net\/index.php\/qui-sommes-nous-6\/","og_site_name":"IRISAE CONSEIL","article_modified_time":"2026-01-02T16:04:16+00:00","og_image":[{"url":"https:\/\/irisae-conseil.net\/wp-content\/uploads\/2022\/01\/Eval-LED-2021.png","type":"","width":"","height":""}],"twitter_card":"summary_large_image","twitter_misc":{"Dur\u00e9e de lecture estim\u00e9e":"5 minutes"},"schema":{"@context":"https:\/\/schema.org","@graph":[{"@type":"WebPage","@id":"https:\/\/irisae-conseil.net\/index.php\/qui-sommes-nous-6\/","url":"https:\/\/irisae-conseil.net\/index.php\/qui-sommes-nous-6\/","name":"Qui sommes-nous ? - IRISAE CONSEIL","isPartOf":{"@id":"https:\/\/irisae-conseil.net\/#website"},"primaryImageOfPage":{"@id":"https:\/\/irisae-conseil.net\/index.php\/qui-sommes-nous-6\/#primaryimage"},"image":{"@id":"https:\/\/irisae-conseil.net\/index.php\/qui-sommes-nous-6\/#primaryimage"},"thumbnailUrl":"https:\/\/irisae-conseil.net\/wp-content\/uploads\/2022\/01\/Eval-LED-2021.png","datePublished":"2024-10-28T16:07:34+00:00","dateModified":"2026-01-02T16:04:16+00:00","breadcrumb":{"@id":"https:\/\/irisae-conseil.net\/index.php\/qui-sommes-nous-6\/#breadcrumb"},"inLanguage":"fr-FR","potentialAction":[{"@type":"ReadAction","target":["https:\/\/irisae-conseil.net\/index.php\/qui-sommes-nous-6\/"]}]},{"@type":"ImageObject","inLanguage":"fr-FR","@id":"https:\/\/irisae-conseil.net\/index.php\/qui-sommes-nous-6\/#primaryimage","url":"https:\/\/irisae-conseil.net\/wp-content\/uploads\/2022\/01\/Eval-LED-2021.png","contentUrl":"https:\/\/irisae-conseil.net\/wp-content\/uploads\/2022\/01\/Eval-LED-2021.png","width":625,"height":365},{"@type":"BreadcrumbList","@id":"https:\/\/irisae-conseil.net\/index.php\/qui-sommes-nous-6\/#breadcrumb","itemListElement":[{"@type":"ListItem","position":1,"name":"Accueil","item":"https:\/\/irisae-conseil.net\/"},{"@type":"ListItem","position":2,"name":"Qui sommes-nous ?"}]},{"@type":"WebSite","@id":"https:\/\/irisae-conseil.net\/#website","url":"https:\/\/irisae-conseil.net\/","name":"IRISAE CONSEIL","description":"Audit, formation, accompagnement en RSE, S\u00e9curit\u00e9 des Aliments, et lutte contre le gaspillage alimentaire","publisher":{"@id":"https:\/\/irisae-conseil.net\/#organization"},"potentialAction":[{"@type":"SearchAction","target":{"@type":"EntryPoint","urlTemplate":"https:\/\/irisae-conseil.net\/?s={search_term_string}"},"query-input":{"@type":"PropertyValueSpecification","valueRequired":true,"valueName":"search_term_string"}}],"inLanguage":"fr-FR"},{"@type":"Organization","@id":"https:\/\/irisae-conseil.net\/#organization","name":"IRISAE CONSEIL","url":"https:\/\/irisae-conseil.net\/","logo":{"@type":"ImageObject","inLanguage":"fr-FR","@id":"https:\/\/irisae-conseil.net\/#\/schema\/logo\/image\/","url":"https:\/\/irisae-conseil.net\/wp-content\/uploads\/2020\/10\/cropped-logo_irisae.png","contentUrl":"https:\/\/irisae-conseil.net\/wp-content\/uploads\/2020\/10\/cropped-logo_irisae.png","width":2114,"height":412,"caption":"IRISAE CONSEIL"},"image":{"@id":"https:\/\/irisae-conseil.net\/#\/schema\/logo\/image\/"},"sameAs":["https:\/\/www.linkedin.com\/in\/ga\u00eblle-beaune-rse-iaa-audit\/"]}]}},"_links":{"self":[{"href":"https:\/\/irisae-conseil.net\/index.php\/wp-json\/wp\/v2\/pages\/1438","targetHints":{"allow":["GET"]}}],"collection":[{"href":"https:\/\/irisae-conseil.net\/index.php\/wp-json\/wp\/v2\/pages"}],"about":[{"href":"https:\/\/irisae-conseil.net\/index.php\/wp-json\/wp\/v2\/types\/page"}],"author":[{"embeddable":true,"href":"https:\/\/irisae-conseil.net\/index.php\/wp-json\/wp\/v2\/users\/1"}],"replies":[{"embeddable":true,"href":"https:\/\/irisae-conseil.net\/index.php\/wp-json\/wp\/v2\/comments?post=1438"}],"version-history":[{"count":17,"href":"https:\/\/irisae-conseil.net\/index.php\/wp-json\/wp\/v2\/pages\/1438\/revisions"}],"predecessor-version":[{"id":1681,"href":"https:\/\/irisae-conseil.net\/index.php\/wp-json\/wp\/v2\/pages\/1438\/revisions\/1681"}],"wp:attachment":[{"href":"https:\/\/irisae-conseil.net\/index.php\/wp-json\/wp\/v2\/media?parent=1438"}],"curies":[{"name":"wp","href":"https:\/\/api.w.org\/{rel}","templated":true}]}}