{"id":1377,"date":"2023-09-01T15:54:47","date_gmt":"2023-09-01T13:54:47","guid":{"rendered":"https:\/\/irisae-conseil.net\/?page_id=1377"},"modified":"2024-12-26T14:23:37","modified_gmt":"2024-12-26T13:23:37","slug":"autres-types-de-prestations","status":"publish","type":"page","link":"https:\/\/irisae-conseil.net\/index.php\/page-d-exemple\/rse\/autres-types-de-prestations\/","title":{"rendered":"Autres types de prestations RSE"},"content":{"rendered":"\n<h3 class=\"wp-block-heading has-text-align-center\"><strong><em>Accompagnement dans la planification d&rsquo;une strat\u00e9gie climat avec ACT Pas \u00e0 Pas<\/em><\/strong><\/h3>\n\n\n<div class=\"wp-block-image\">\n<figure class=\"aligncenter size-full\"><a href=\"https:\/\/actinitiative.org\/fr\/build-your-strategy\/#company\"><img loading=\"lazy\" decoding=\"async\" width=\"478\" height=\"99\" src=\"https:\/\/irisae-conseil.net\/wp-content\/uploads\/2023\/09\/ACT.png\" alt=\"\" class=\"wp-image-1380\" srcset=\"https:\/\/irisae-conseil.net\/wp-content\/uploads\/2023\/09\/ACT.png 478w, https:\/\/irisae-conseil.net\/wp-content\/uploads\/2023\/09\/ACT-300x62.png 300w\" sizes=\"auto, (max-width: 478px) 100vw, 478px\" \/><\/a><\/figure><\/div>\n\n\n<p>ACT (Assessing low Carbon Transition) est une m\u00e9thode port\u00e9e conjointement par l\u2019ADEME en France et le CDP (Carbon Disclosure Project) en Grande-Bretagne. Elle \u00e9value les strat\u00e9gies climat des organisations.<\/p>\n\n\n\n<p><\/p>\n\n\n\n<p><strong><em>Besoin<\/em><\/strong> : Se faire aider pour \u00e9laborer sa strat\u00e9gie bas carbone, align\u00e9e avec les accords de Paris en utilisant une m\u00e9thode valid\u00e9e <br>Mesurer la maturit\u00e9 et la capacit\u00e9 de l&rsquo;organisation \u00e0 respecter la trajectoire 2\u00b0C \u00e0 2050 compar\u00e9 aux objectifs du secteur.<br><strong><em>Objectifs <\/em><\/strong>: <br>&#8211; la contribution active de l&rsquo;entreprise \u00e0 l&rsquo;att\u00e9nuation du changement climatique<br>&#8211; la transformation de l&rsquo;entreprise dans le contexte de la transition vers un monde bas carbone<br><strong><em>Format <\/em><\/strong>: R\u00e9alisable sur plusieurs journ\u00e9es r\u00e9parties sur un nombre de semaine \u00e0 d\u00e9finir<br>Structure\/outils : 5 \u00e9tapes, 4 niveaux hi\u00e9rarchiques, et un ensemble d&rsquo;outils con\u00e7us par l&rsquo;<a href=\"https:\/\/actinitiative.org\/fr\/build-your-strategy\/#company\">Ademe et le CDP<\/a>.<br><strong><em>Livrable <\/em><\/strong>: Rapport .<\/p>\n\n\n\n<div style=\"height:100px\" aria-hidden=\"true\" class=\"wp-block-spacer\"><\/div>\n\n\n\n<h3 class=\"wp-block-heading has-text-align-center\"><strong><em>Pr\u00e9paration \u00e0 la certification ISCC<\/em><\/strong><\/h3>\n\n\n<div class=\"wp-block-image\">\n<figure class=\"aligncenter size-full is-resized\"><a href=\"https:\/\/www.iscc-system.org\/\"><img loading=\"lazy\" decoding=\"async\" width=\"603\" height=\"317\" src=\"https:\/\/irisae-conseil.net\/wp-content\/uploads\/2023\/09\/Sans-titre.png\" alt=\"\" class=\"wp-image-1381\" style=\"width:420px;height:auto\" srcset=\"https:\/\/irisae-conseil.net\/wp-content\/uploads\/2023\/09\/Sans-titre.png 603w, https:\/\/irisae-conseil.net\/wp-content\/uploads\/2023\/09\/Sans-titre-300x158.png 300w\" sizes=\"auto, (max-width: 603px) 100vw, 603px\" \/><\/a><\/figure><\/div>\n\n\n<p><strong><em>Objectif <\/em><\/strong>: Se pr\u00e9parer \u00e0 un audit de certification<br>ou r\u00e9aliser des points r\u00e9guliers de la d\u00e9marche afin de v\u00e9rifier l\u2019efficacit\u00e9 des actions mises en place et identifier de futurs points d\u2019am\u00e9lioration<br>Dans les deux cas, l\u2019exercice permet d\u2019identifier les points forts et ceux \u00e0 am\u00e9liorer, ou \u00e9ventuellement bloquant dans le cadre d\u2019une certification<br><strong><em>Format <\/em><\/strong>: R\u00e9alisable sur une journ\u00e9e \u00e0 une journ\u00e9e et demi selon la taille et la complexit\u00e9 de l\u2019organisation. Sur site, avec interview de la majorit\u00e9 des managers<br><strong><em>Livrable <\/em><\/strong>: Rapport d\u2019audit avec plan d\u2019action.<\/p>\n\n\n\n<div style=\"height:100px\" aria-hidden=\"true\" class=\"wp-block-spacer\"><\/div>\n\n\n\n<blockquote class=\"wp-block-quote is-layout-flow wp-block-quote-is-layout-flow\">\n<p class=\"has-text-align-center\">REFERENCES :<\/p>\n\n\n\n<p class=\"has-text-align-center\">Consultante <a href=\"https:\/\/actinitiative.org\/fr\/find-an-advisor\/\">form\u00e9e ACT Pas \u00e0 Pas<\/a> en 2023<\/p>\n\n\n\n<p class=\"has-text-align-center\">Auditrice ISCC depuis janvier 2023 (15 audits r\u00e9alis\u00e9s sur 2023-2024)<\/p>\n<\/blockquote>\n\n\n\n<div style=\"height:100px\" aria-hidden=\"true\" class=\"wp-block-spacer\"><\/div>\n\n\n\n<p class=\"has-text-align-center\"><strong>PARLONS ENSEMBLE DE VOTRE PROJET<\/strong><\/p>\n\n\n\n<div class=\"wp-block-buttons is-content-justification-center is-layout-flex wp-container-core-buttons-is-layout-1 wp-block-buttons-is-layout-flex\">\n<div class=\"wp-block-button\"><a class=\"wp-block-button__link has-text-align-center wp-element-button\" href=\"https:\/\/irisae-conseil.net\/index.php\/page-d-exemple\/contact\/\">Contact<\/a><\/div>\n<\/div>\n\n\n\n<div style=\"height:35px\" aria-hidden=\"true\" class=\"wp-block-spacer\"><\/div>\n\n\n\n<p class=\"has-text-align-center\">Estimation de l\u2019impact carbone de la page :<\/p>\n\n\n\n<div id=\"wcb\" class=\"carbonbadge\"><\/div>\n<script src=\"https:\/\/unpkg.com\/website-carbon-badges@1.1.3\/b.min.js\" defer><\/script>\n\n\n\n<div style=\"height:100px\" aria-hidden=\"true\" class=\"wp-block-spacer\"><\/div>\n\n\n\n<p class=\"has-text-align-center\"><strong>SUIVEZ NOUS<\/strong><\/p>\n\n\n\n<p class=\"has-text-align-center\">Retrouvez toutes nos actualit\u00e9s sur LinkedIn<\/p>\n\n\n\n<div class=\"wp-block-buttons is-content-justification-center is-layout-flex wp-container-core-buttons-is-layout-2 wp-block-buttons-is-layout-flex\">\n<div class=\"wp-block-button\"><a class=\"wp-block-button__link has-white-color has-header-gradient-background-color has-text-color has-background has-link-color has-text-align-center wp-element-button\" href=\"http:\/\/www.linkedin.com\/in\/ga\u00eblle-beaune-rse-iaa-audit\">LinkedIn<\/a><\/div>\n<\/div>\n\n\n\n<div style=\"height:100px\" aria-hidden=\"true\" class=\"wp-block-spacer\"><\/div>\n","protected":false},"excerpt":{"rendered":"<p>Accompagnement dans la planification d&rsquo;une strat\u00e9gie climat avec ACT Pas \u00e0 Pas ACT (Assessing low Carbon Transition) est une m\u00e9thode port\u00e9e conjointement par l\u2019ADEME en France et le CDP (Carbon Disclosure Project) en Grande-Bretagne. Elle \u00e9value les strat\u00e9gies climat des organisations. Besoin : Se faire aider pour \u00e9laborer sa strat\u00e9gie [&hellip;]<\/p>\n","protected":false},"author":1,"featured_media":1380,"parent":101,"menu_order":0,"comment_status":"closed","ping_status":"closed","template":"page-templates\/template-fullwidth.php","meta":{"om_disable_all_campaigns":false,"_monsterinsights_skip_tracking":false,"_monsterinsights_sitenote_active":false,"_monsterinsights_sitenote_note":"","_monsterinsights_sitenote_category":0,"_uf_show_specific_survey":0,"_uf_disable_surveys":false,"footnotes":""},"class_list":["post-1377","page","type-page","status-publish","has-post-thumbnail","hentry"],"yoast_head":"<!-- This site is optimized with the Yoast SEO plugin v26.8 - https:\/\/yoast.com\/product\/yoast-seo-wordpress\/ -->\n<title>Autres types de prestations RSE - IRISAE CONSEIL<\/title>\n<meta name=\"robots\" content=\"index, follow, max-snippet:-1, max-image-preview:large, max-video-preview:-1\" \/>\n<link rel=\"canonical\" href=\"https:\/\/irisae-conseil.net\/index.php\/page-d-exemple\/rse\/autres-types-de-prestations\/\" \/>\n<meta property=\"og:locale\" content=\"fr_FR\" \/>\n<meta property=\"og:type\" content=\"article\" \/>\n<meta property=\"og:title\" content=\"Autres types de prestations RSE - IRISAE CONSEIL\" \/>\n<meta property=\"og:description\" content=\"Accompagnement dans la planification d&rsquo;une strat\u00e9gie climat avec ACT Pas \u00e0 Pas ACT (Assessing low Carbon Transition) est une m\u00e9thode port\u00e9e conjointement par l\u2019ADEME en France et le CDP (Carbon Disclosure Project) en Grande-Bretagne. Elle \u00e9value les strat\u00e9gies climat des organisations. Besoin : Se faire aider pour \u00e9laborer sa strat\u00e9gie [&hellip;]\" \/>\n<meta property=\"og:url\" content=\"https:\/\/irisae-conseil.net\/index.php\/page-d-exemple\/rse\/autres-types-de-prestations\/\" \/>\n<meta property=\"og:site_name\" content=\"IRISAE CONSEIL\" \/>\n<meta property=\"article:modified_time\" content=\"2024-12-26T13:23:37+00:00\" \/>\n<meta property=\"og:image\" content=\"https:\/\/irisae-conseil.net\/wp-content\/uploads\/2023\/09\/ACT.png\" \/>\n\t<meta property=\"og:image:width\" content=\"478\" \/>\n\t<meta property=\"og:image:height\" content=\"99\" \/>\n\t<meta property=\"og:image:type\" content=\"image\/png\" \/>\n<meta name=\"twitter:card\" content=\"summary_large_image\" \/>\n<meta name=\"twitter:label1\" content=\"Dur\u00e9e de lecture estim\u00e9e\" \/>\n\t<meta name=\"twitter:data1\" content=\"2 minutes\" \/>\n<script type=\"application\/ld+json\" class=\"yoast-schema-graph\">{\"@context\":\"https:\/\/schema.org\",\"@graph\":[{\"@type\":\"WebPage\",\"@id\":\"https:\/\/irisae-conseil.net\/index.php\/page-d-exemple\/rse\/autres-types-de-prestations\/\",\"url\":\"https:\/\/irisae-conseil.net\/index.php\/page-d-exemple\/rse\/autres-types-de-prestations\/\",\"name\":\"Autres types de prestations RSE - IRISAE CONSEIL\",\"isPartOf\":{\"@id\":\"https:\/\/irisae-conseil.net\/#website\"},\"primaryImageOfPage\":{\"@id\":\"https:\/\/irisae-conseil.net\/index.php\/page-d-exemple\/rse\/autres-types-de-prestations\/#primaryimage\"},\"image\":{\"@id\":\"https:\/\/irisae-conseil.net\/index.php\/page-d-exemple\/rse\/autres-types-de-prestations\/#primaryimage\"},\"thumbnailUrl\":\"https:\/\/irisae-conseil.net\/wp-content\/uploads\/2023\/09\/ACT.png\",\"datePublished\":\"2023-09-01T13:54:47+00:00\",\"dateModified\":\"2024-12-26T13:23:37+00:00\",\"breadcrumb\":{\"@id\":\"https:\/\/irisae-conseil.net\/index.php\/page-d-exemple\/rse\/autres-types-de-prestations\/#breadcrumb\"},\"inLanguage\":\"fr-FR\",\"potentialAction\":[{\"@type\":\"ReadAction\",\"target\":[\"https:\/\/irisae-conseil.net\/index.php\/page-d-exemple\/rse\/autres-types-de-prestations\/\"]}]},{\"@type\":\"ImageObject\",\"inLanguage\":\"fr-FR\",\"@id\":\"https:\/\/irisae-conseil.net\/index.php\/page-d-exemple\/rse\/autres-types-de-prestations\/#primaryimage\",\"url\":\"https:\/\/irisae-conseil.net\/wp-content\/uploads\/2023\/09\/ACT.png\",\"contentUrl\":\"https:\/\/irisae-conseil.net\/wp-content\/uploads\/2023\/09\/ACT.png\",\"width\":478,\"height\":99},{\"@type\":\"BreadcrumbList\",\"@id\":\"https:\/\/irisae-conseil.net\/index.php\/page-d-exemple\/rse\/autres-types-de-prestations\/#breadcrumb\",\"itemListElement\":[{\"@type\":\"ListItem\",\"position\":1,\"name\":\"Accueil\",\"item\":\"https:\/\/irisae-conseil.net\/\"},{\"@type\":\"ListItem\",\"position\":2,\"name\":\"La RSE\",\"item\":\"https:\/\/irisae-conseil.net\/index.php\/page-d-exemple\/rse\/\"},{\"@type\":\"ListItem\",\"position\":3,\"name\":\"Autres types de prestations RSE\"}]},{\"@type\":\"WebSite\",\"@id\":\"https:\/\/irisae-conseil.net\/#website\",\"url\":\"https:\/\/irisae-conseil.net\/\",\"name\":\"IRISAE CONSEIL\",\"description\":\"Audit, formation, accompagnement en RSE, S\u00e9curit\u00e9 des Aliments, et lutte contre le gaspillage alimentaire\",\"publisher\":{\"@id\":\"https:\/\/irisae-conseil.net\/#organization\"},\"potentialAction\":[{\"@type\":\"SearchAction\",\"target\":{\"@type\":\"EntryPoint\",\"urlTemplate\":\"https:\/\/irisae-conseil.net\/?s={search_term_string}\"},\"query-input\":{\"@type\":\"PropertyValueSpecification\",\"valueRequired\":true,\"valueName\":\"search_term_string\"}}],\"inLanguage\":\"fr-FR\"},{\"@type\":\"Organization\",\"@id\":\"https:\/\/irisae-conseil.net\/#organization\",\"name\":\"IRISAE CONSEIL\",\"url\":\"https:\/\/irisae-conseil.net\/\",\"logo\":{\"@type\":\"ImageObject\",\"inLanguage\":\"fr-FR\",\"@id\":\"https:\/\/irisae-conseil.net\/#\/schema\/logo\/image\/\",\"url\":\"https:\/\/irisae-conseil.net\/wp-content\/uploads\/2020\/10\/cropped-logo_irisae.png\",\"contentUrl\":\"https:\/\/irisae-conseil.net\/wp-content\/uploads\/2020\/10\/cropped-logo_irisae.png\",\"width\":2114,\"height\":412,\"caption\":\"IRISAE CONSEIL\"},\"image\":{\"@id\":\"https:\/\/irisae-conseil.net\/#\/schema\/logo\/image\/\"},\"sameAs\":[\"https:\/\/www.linkedin.com\/in\/ga\u00eblle-beaune-rse-iaa-audit\/\"]}]}<\/script>\n<!-- \/ Yoast SEO plugin. -->","yoast_head_json":{"title":"Autres types de prestations RSE - IRISAE CONSEIL","robots":{"index":"index","follow":"follow","max-snippet":"max-snippet:-1","max-image-preview":"max-image-preview:large","max-video-preview":"max-video-preview:-1"},"canonical":"https:\/\/irisae-conseil.net\/index.php\/page-d-exemple\/rse\/autres-types-de-prestations\/","og_locale":"fr_FR","og_type":"article","og_title":"Autres types de prestations RSE - IRISAE CONSEIL","og_description":"Accompagnement dans la planification d&rsquo;une strat\u00e9gie climat avec ACT Pas \u00e0 Pas ACT (Assessing low Carbon Transition) est une m\u00e9thode port\u00e9e conjointement par l\u2019ADEME en France et le CDP (Carbon Disclosure Project) en Grande-Bretagne. Elle \u00e9value les strat\u00e9gies climat des organisations. Besoin : Se faire aider pour \u00e9laborer sa strat\u00e9gie [&hellip;]","og_url":"https:\/\/irisae-conseil.net\/index.php\/page-d-exemple\/rse\/autres-types-de-prestations\/","og_site_name":"IRISAE CONSEIL","article_modified_time":"2024-12-26T13:23:37+00:00","og_image":[{"width":478,"height":99,"url":"https:\/\/irisae-conseil.net\/wp-content\/uploads\/2023\/09\/ACT.png","type":"image\/png"}],"twitter_card":"summary_large_image","twitter_misc":{"Dur\u00e9e de lecture estim\u00e9e":"2 minutes"},"schema":{"@context":"https:\/\/schema.org","@graph":[{"@type":"WebPage","@id":"https:\/\/irisae-conseil.net\/index.php\/page-d-exemple\/rse\/autres-types-de-prestations\/","url":"https:\/\/irisae-conseil.net\/index.php\/page-d-exemple\/rse\/autres-types-de-prestations\/","name":"Autres types de prestations RSE - IRISAE CONSEIL","isPartOf":{"@id":"https:\/\/irisae-conseil.net\/#website"},"primaryImageOfPage":{"@id":"https:\/\/irisae-conseil.net\/index.php\/page-d-exemple\/rse\/autres-types-de-prestations\/#primaryimage"},"image":{"@id":"https:\/\/irisae-conseil.net\/index.php\/page-d-exemple\/rse\/autres-types-de-prestations\/#primaryimage"},"thumbnailUrl":"https:\/\/irisae-conseil.net\/wp-content\/uploads\/2023\/09\/ACT.png","datePublished":"2023-09-01T13:54:47+00:00","dateModified":"2024-12-26T13:23:37+00:00","breadcrumb":{"@id":"https:\/\/irisae-conseil.net\/index.php\/page-d-exemple\/rse\/autres-types-de-prestations\/#breadcrumb"},"inLanguage":"fr-FR","potentialAction":[{"@type":"ReadAction","target":["https:\/\/irisae-conseil.net\/index.php\/page-d-exemple\/rse\/autres-types-de-prestations\/"]}]},{"@type":"ImageObject","inLanguage":"fr-FR","@id":"https:\/\/irisae-conseil.net\/index.php\/page-d-exemple\/rse\/autres-types-de-prestations\/#primaryimage","url":"https:\/\/irisae-conseil.net\/wp-content\/uploads\/2023\/09\/ACT.png","contentUrl":"https:\/\/irisae-conseil.net\/wp-content\/uploads\/2023\/09\/ACT.png","width":478,"height":99},{"@type":"BreadcrumbList","@id":"https:\/\/irisae-conseil.net\/index.php\/page-d-exemple\/rse\/autres-types-de-prestations\/#breadcrumb","itemListElement":[{"@type":"ListItem","position":1,"name":"Accueil","item":"https:\/\/irisae-conseil.net\/"},{"@type":"ListItem","position":2,"name":"La RSE","item":"https:\/\/irisae-conseil.net\/index.php\/page-d-exemple\/rse\/"},{"@type":"ListItem","position":3,"name":"Autres types de prestations RSE"}]},{"@type":"WebSite","@id":"https:\/\/irisae-conseil.net\/#website","url":"https:\/\/irisae-conseil.net\/","name":"IRISAE CONSEIL","description":"Audit, formation, accompagnement en RSE, S\u00e9curit\u00e9 des Aliments, et lutte contre le gaspillage alimentaire","publisher":{"@id":"https:\/\/irisae-conseil.net\/#organization"},"potentialAction":[{"@type":"SearchAction","target":{"@type":"EntryPoint","urlTemplate":"https:\/\/irisae-conseil.net\/?s={search_term_string}"},"query-input":{"@type":"PropertyValueSpecification","valueRequired":true,"valueName":"search_term_string"}}],"inLanguage":"fr-FR"},{"@type":"Organization","@id":"https:\/\/irisae-conseil.net\/#organization","name":"IRISAE CONSEIL","url":"https:\/\/irisae-conseil.net\/","logo":{"@type":"ImageObject","inLanguage":"fr-FR","@id":"https:\/\/irisae-conseil.net\/#\/schema\/logo\/image\/","url":"https:\/\/irisae-conseil.net\/wp-content\/uploads\/2020\/10\/cropped-logo_irisae.png","contentUrl":"https:\/\/irisae-conseil.net\/wp-content\/uploads\/2020\/10\/cropped-logo_irisae.png","width":2114,"height":412,"caption":"IRISAE CONSEIL"},"image":{"@id":"https:\/\/irisae-conseil.net\/#\/schema\/logo\/image\/"},"sameAs":["https:\/\/www.linkedin.com\/in\/ga\u00eblle-beaune-rse-iaa-audit\/"]}]}},"_links":{"self":[{"href":"https:\/\/irisae-conseil.net\/index.php\/wp-json\/wp\/v2\/pages\/1377","targetHints":{"allow":["GET"]}}],"collection":[{"href":"https:\/\/irisae-conseil.net\/index.php\/wp-json\/wp\/v2\/pages"}],"about":[{"href":"https:\/\/irisae-conseil.net\/index.php\/wp-json\/wp\/v2\/types\/page"}],"author":[{"embeddable":true,"href":"https:\/\/irisae-conseil.net\/index.php\/wp-json\/wp\/v2\/users\/1"}],"replies":[{"embeddable":true,"href":"https:\/\/irisae-conseil.net\/index.php\/wp-json\/wp\/v2\/comments?post=1377"}],"version-history":[{"count":11,"href":"https:\/\/irisae-conseil.net\/index.php\/wp-json\/wp\/v2\/pages\/1377\/revisions"}],"predecessor-version":[{"id":1650,"href":"https:\/\/irisae-conseil.net\/index.php\/wp-json\/wp\/v2\/pages\/1377\/revisions\/1650"}],"up":[{"embeddable":true,"href":"https:\/\/irisae-conseil.net\/index.php\/wp-json\/wp\/v2\/pages\/101"}],"wp:featuredmedia":[{"embeddable":true,"href":"https:\/\/irisae-conseil.net\/index.php\/wp-json\/wp\/v2\/media\/1380"}],"wp:attachment":[{"href":"https:\/\/irisae-conseil.net\/index.php\/wp-json\/wp\/v2\/media?parent=1377"}],"curies":[{"name":"wp","href":"https:\/\/api.w.org\/{rel}","templated":true}]}}