{"id":1305,"date":"2022-04-07T16:27:30","date_gmt":"2022-04-07T14:27:30","guid":{"rendered":"https:\/\/irisae-conseil.net\/?page_id=1305"},"modified":"2024-10-31T16:27:56","modified_gmt":"2024-10-31T15:27:56","slug":"gaspillage-alimentaire","status":"publish","type":"page","link":"https:\/\/irisae-conseil.net\/index.php\/page-d-exemple\/securite-des-aliments\/gaspillage-alimentaire\/","title":{"rendered":"Gaspillage alimentaire"},"content":{"rendered":"\n<h2 class=\"wp-block-heading has-text-align-center\">Un enjeu important pour les acteurs de l\u2019alimentaire<\/h2>\n\n\n\n<p>La loi <a href=\"https:\/\/irisae-conseil.net\/index.php\/2022\/05\/30\/loi-agec-2-ans-apres\/\">AGEC <\/a>(relative \u00e0 la lutte contre le gaspillage et \u00e0 l\u2019\u00e9conomie circulaire) de f\u00e9vrier 2020 pr\u00e9cise la d\u00e9finition du gaspillage alimentaire et fixe des <strong>objectifs de r\u00e9duction<\/strong>. Les secteurs de la distribution alimentaire et de la restauration collective (supermarch\u00e9s, cantines\u2026) devront r\u00e9duire le gaspillage alimentaire de <strong>50 %<\/strong> par rapport au niveau de 2015 et cela d\u2019ici 2025. Et l\u2019\u00e9ch\u00e9ance est \u00e0 2030 pour les domaines de la consommation, de la production, de la transformation et de la restauration commerciale.<br>Si vous \u00eates industriels, cette loi introduit l\u2019obligation de r\u00e9alisation de diagnostic anti-gaspillage<br>(depuis janvier 2021).<br>Et un <a href=\"https:\/\/irisae-conseil.net\/index.php\/2023\/03\/03\/label-national-anti-gaspillage-alimentaire\/\">label national \u00ab anti-gaspillage alimentaire \u00bb<\/a> est sorti en mars 2023, et pourra \u00eatre pris en compte dans les n\u00e9gociations futures avec la grande distribution, car il contribuera \u00e9galement \u00e0 les aider \u00e0 remplir leurs obligations.<\/p>\n\n\n\n<div class=\"wp-block-media-text is-stacked-on-mobile\" style=\"grid-template-columns:34% auto\"><figure class=\"wp-block-media-text__media\"><img loading=\"lazy\" decoding=\"async\" width=\"1022\" height=\"1024\" src=\"https:\/\/irisae-conseil.net\/wp-content\/uploads\/2020\/11\/audit-IRISAE-1022x1024.png\" alt=\"\" class=\"wp-image-864 size-full\" srcset=\"https:\/\/irisae-conseil.net\/wp-content\/uploads\/2020\/11\/audit-IRISAE-1022x1024.png 1022w, https:\/\/irisae-conseil.net\/wp-content\/uploads\/2020\/11\/audit-IRISAE-300x300.png 300w, https:\/\/irisae-conseil.net\/wp-content\/uploads\/2020\/11\/audit-IRISAE-150x150.png 150w, https:\/\/irisae-conseil.net\/wp-content\/uploads\/2020\/11\/audit-IRISAE-768x769.png 768w, https:\/\/irisae-conseil.net\/wp-content\/uploads\/2020\/11\/audit-IRISAE-1533x1536.png 1533w, https:\/\/irisae-conseil.net\/wp-content\/uploads\/2020\/11\/audit-IRISAE-2045x2048.png 2045w\" sizes=\"auto, (max-width: 1022px) 100vw, 1022px\" \/><\/figure><div class=\"wp-block-media-text__content\">\n<h4 class=\"wp-block-heading\"><strong>Etat des lieux du gaspillage<\/strong><\/h4>\n\n\n\n<p>Je propose de r\u00e9aliser un bilan complet des pertes et du gaspillage d\u2019un site de production en fonctionnement normal. A l\u2019issue de ce bilan, votre obligation de diagnostic sera rempli, et vos \u00e9quipes seront sensibilis\u00e9es au sujet.<\/p>\n<\/div><\/div>\n\n\n\n<div class=\"wp-block-media-text has-media-on-the-right is-stacked-on-mobile\"><div class=\"wp-block-media-text__content\">\n<h4 class=\"wp-block-heading\"><strong>Elaboration d\u2019un plan d\u2019action<\/strong><\/h4>\n\n\n\n<p>Sur la base de l\u2019\u00e9tat des lieux, les possibilit\u00e9s d\u2019am\u00e9lioration sont identifi\u00e9es puis \u00e9valu\u00e9es quant \u00e0 leur efficacit\u00e9, puis un plan d\u2019action est mis en place avec les personnes concern\u00e9es par le projet.<\/p>\n\n\n\n<p>Puis un suivi r\u00e9gulier est mis en place, afin de cr\u00e9er une dynamique, et de b\u00e9n\u00e9ficier d\u2019un soutien face aux \u00e9tapes d\u00e9licates.<\/p>\n<\/div><figure class=\"wp-block-media-text__media\"><img loading=\"lazy\" decoding=\"async\" width=\"955\" height=\"534\" src=\"https:\/\/irisae-conseil.net\/wp-content\/uploads\/2024\/10\/Image-gaspi-recadree.jpg\" alt=\"\" class=\"wp-image-1555 size-full\" srcset=\"https:\/\/irisae-conseil.net\/wp-content\/uploads\/2024\/10\/Image-gaspi-recadree.jpg 955w, https:\/\/irisae-conseil.net\/wp-content\/uploads\/2024\/10\/Image-gaspi-recadree-300x168.jpg 300w, https:\/\/irisae-conseil.net\/wp-content\/uploads\/2024\/10\/Image-gaspi-recadree-768x429.jpg 768w\" sizes=\"auto, (max-width: 955px) 100vw, 955px\" \/><\/figure><\/div>\n\n\n\n<div style=\"height:77px\" aria-hidden=\"true\" class=\"wp-block-spacer\"><\/div>\n\n\n\n<p class=\"has-text-align-center\"><strong>PARLONS ENSEMBLE DE VOTRE PROJET<\/strong><\/p>\n\n\n\n<div class=\"wp-block-buttons is-content-justification-center is-layout-flex wp-container-core-buttons-is-layout-1 wp-block-buttons-is-layout-flex\">\n<div class=\"wp-block-button\"><a class=\"wp-block-button__link has-text-align-center wp-element-button\" href=\"https:\/\/irisae-conseil.net\/index.php\/page-d-exemple\/contact\/\">Contact<\/a><\/div>\n<\/div>\n\n\n\n<div style=\"height:35px\" aria-hidden=\"true\" class=\"wp-block-spacer\"><\/div>\n\n\n\n<p class=\"has-text-align-center\">Estimation de l\u2019impact carbone de la page :<\/p>\n\n\n\n<div id=\"wcb\" class=\"carbonbadge\"><\/div>\n<script src=\"https:\/\/unpkg.com\/website-carbon-badges@1.1.3\/b.min.js\" defer><\/script>\n\n\n\n<div style=\"height:77px\" aria-hidden=\"true\" class=\"wp-block-spacer\"><\/div>\n\n\n\n<p class=\"has-text-align-center\"><strong>SUIVEZ NOUS<\/strong><\/p>\n\n\n\n<p class=\"has-text-align-center\">Retrouvez toutes nos actualit\u00e9s sur LinkedIn<\/p>\n\n\n\n<div class=\"wp-block-buttons is-content-justification-center is-layout-flex wp-container-core-buttons-is-layout-2 wp-block-buttons-is-layout-flex\">\n<div class=\"wp-block-button\"><a class=\"wp-block-button__link has-white-color has-header-gradient-background-color has-text-color has-background has-link-color has-text-align-center wp-element-button\" href=\"http:\/\/www.linkedin.com\/in\/ga\u00eblle-beaune-rse-iaa-audit\">LinkedIn<\/a><\/div>\n<\/div>\n\n\n\n<div style=\"height:77px\" aria-hidden=\"true\" class=\"wp-block-spacer\"><\/div>\n","protected":false},"excerpt":{"rendered":"<p>Un enjeu important pour les acteurs de l\u2019alimentaire La loi AGEC (relative \u00e0 la lutte contre le gaspillage et \u00e0 l\u2019\u00e9conomie circulaire) de f\u00e9vrier 2020 pr\u00e9cise la d\u00e9finition du gaspillage alimentaire et fixe des objectifs de r\u00e9duction. Les secteurs de la distribution alimentaire et de la restauration collective (supermarch\u00e9s, cantines\u2026) [&hellip;]<\/p>\n","protected":false},"author":1,"featured_media":0,"parent":103,"menu_order":0,"comment_status":"closed","ping_status":"closed","template":"","meta":{"om_disable_all_campaigns":false,"_monsterinsights_skip_tracking":false,"_monsterinsights_sitenote_active":false,"_monsterinsights_sitenote_note":"","_monsterinsights_sitenote_category":0,"_uf_show_specific_survey":0,"_uf_disable_surveys":false,"footnotes":""},"class_list":["post-1305","page","type-page","status-publish","hentry"],"yoast_head":"<!-- This site is optimized with the Yoast SEO plugin v26.8 - https:\/\/yoast.com\/product\/yoast-seo-wordpress\/ -->\n<title>Gaspillage alimentaire - IRISAE CONSEIL<\/title>\n<meta name=\"robots\" content=\"index, follow, max-snippet:-1, max-image-preview:large, max-video-preview:-1\" \/>\n<link rel=\"canonical\" href=\"https:\/\/irisae-conseil.net\/index.php\/page-d-exemple\/securite-des-aliments\/gaspillage-alimentaire\/\" \/>\n<meta property=\"og:locale\" content=\"fr_FR\" \/>\n<meta property=\"og:type\" content=\"article\" \/>\n<meta property=\"og:title\" content=\"Gaspillage alimentaire - IRISAE CONSEIL\" \/>\n<meta property=\"og:description\" content=\"Un enjeu important pour les acteurs de l\u2019alimentaire La loi AGEC (relative \u00e0 la lutte contre le gaspillage et \u00e0 l\u2019\u00e9conomie circulaire) de f\u00e9vrier 2020 pr\u00e9cise la d\u00e9finition du gaspillage alimentaire et fixe des objectifs de r\u00e9duction. Les secteurs de la distribution alimentaire et de la restauration collective (supermarch\u00e9s, cantines\u2026) [&hellip;]\" \/>\n<meta property=\"og:url\" content=\"https:\/\/irisae-conseil.net\/index.php\/page-d-exemple\/securite-des-aliments\/gaspillage-alimentaire\/\" \/>\n<meta property=\"og:site_name\" content=\"IRISAE CONSEIL\" \/>\n<meta property=\"article:modified_time\" content=\"2024-10-31T15:27:56+00:00\" \/>\n<meta property=\"og:image\" content=\"https:\/\/irisae-conseil.net\/wp-content\/uploads\/2020\/11\/audit-IRISAE.png\" \/>\n\t<meta property=\"og:image:width\" content=\"2363\" \/>\n\t<meta property=\"og:image:height\" content=\"2367\" \/>\n\t<meta property=\"og:image:type\" content=\"image\/png\" \/>\n<meta name=\"twitter:card\" content=\"summary_large_image\" \/>\n<meta name=\"twitter:label1\" content=\"Dur\u00e9e de lecture estim\u00e9e\" \/>\n\t<meta name=\"twitter:data1\" content=\"2 minutes\" \/>\n<script type=\"application\/ld+json\" class=\"yoast-schema-graph\">{\"@context\":\"https:\/\/schema.org\",\"@graph\":[{\"@type\":\"WebPage\",\"@id\":\"https:\/\/irisae-conseil.net\/index.php\/page-d-exemple\/securite-des-aliments\/gaspillage-alimentaire\/\",\"url\":\"https:\/\/irisae-conseil.net\/index.php\/page-d-exemple\/securite-des-aliments\/gaspillage-alimentaire\/\",\"name\":\"Gaspillage alimentaire - IRISAE CONSEIL\",\"isPartOf\":{\"@id\":\"https:\/\/irisae-conseil.net\/#website\"},\"primaryImageOfPage\":{\"@id\":\"https:\/\/irisae-conseil.net\/index.php\/page-d-exemple\/securite-des-aliments\/gaspillage-alimentaire\/#primaryimage\"},\"image\":{\"@id\":\"https:\/\/irisae-conseil.net\/index.php\/page-d-exemple\/securite-des-aliments\/gaspillage-alimentaire\/#primaryimage\"},\"thumbnailUrl\":\"https:\/\/irisae-conseil.net\/wp-content\/uploads\/2020\/11\/audit-IRISAE-1022x1024.png\",\"datePublished\":\"2022-04-07T14:27:30+00:00\",\"dateModified\":\"2024-10-31T15:27:56+00:00\",\"breadcrumb\":{\"@id\":\"https:\/\/irisae-conseil.net\/index.php\/page-d-exemple\/securite-des-aliments\/gaspillage-alimentaire\/#breadcrumb\"},\"inLanguage\":\"fr-FR\",\"potentialAction\":[{\"@type\":\"ReadAction\",\"target\":[\"https:\/\/irisae-conseil.net\/index.php\/page-d-exemple\/securite-des-aliments\/gaspillage-alimentaire\/\"]}]},{\"@type\":\"ImageObject\",\"inLanguage\":\"fr-FR\",\"@id\":\"https:\/\/irisae-conseil.net\/index.php\/page-d-exemple\/securite-des-aliments\/gaspillage-alimentaire\/#primaryimage\",\"url\":\"https:\/\/irisae-conseil.net\/wp-content\/uploads\/2020\/11\/audit-IRISAE.png\",\"contentUrl\":\"https:\/\/irisae-conseil.net\/wp-content\/uploads\/2020\/11\/audit-IRISAE.png\",\"width\":2363,\"height\":2367},{\"@type\":\"BreadcrumbList\",\"@id\":\"https:\/\/irisae-conseil.net\/index.php\/page-d-exemple\/securite-des-aliments\/gaspillage-alimentaire\/#breadcrumb\",\"itemListElement\":[{\"@type\":\"ListItem\",\"position\":1,\"name\":\"Accueil\",\"item\":\"https:\/\/irisae-conseil.net\/\"},{\"@type\":\"ListItem\",\"position\":2,\"name\":\"Prestations en S\u00e9curit\u00e9 des Aliments\",\"item\":\"https:\/\/irisae-conseil.net\/index.php\/page-d-exemple\/securite-des-aliments\/\"},{\"@type\":\"ListItem\",\"position\":3,\"name\":\"Gaspillage alimentaire\"}]},{\"@type\":\"WebSite\",\"@id\":\"https:\/\/irisae-conseil.net\/#website\",\"url\":\"https:\/\/irisae-conseil.net\/\",\"name\":\"IRISAE CONSEIL\",\"description\":\"Audit, formation, accompagnement en RSE, S\u00e9curit\u00e9 des Aliments, et lutte contre le gaspillage alimentaire\",\"publisher\":{\"@id\":\"https:\/\/irisae-conseil.net\/#organization\"},\"potentialAction\":[{\"@type\":\"SearchAction\",\"target\":{\"@type\":\"EntryPoint\",\"urlTemplate\":\"https:\/\/irisae-conseil.net\/?s={search_term_string}\"},\"query-input\":{\"@type\":\"PropertyValueSpecification\",\"valueRequired\":true,\"valueName\":\"search_term_string\"}}],\"inLanguage\":\"fr-FR\"},{\"@type\":\"Organization\",\"@id\":\"https:\/\/irisae-conseil.net\/#organization\",\"name\":\"IRISAE CONSEIL\",\"url\":\"https:\/\/irisae-conseil.net\/\",\"logo\":{\"@type\":\"ImageObject\",\"inLanguage\":\"fr-FR\",\"@id\":\"https:\/\/irisae-conseil.net\/#\/schema\/logo\/image\/\",\"url\":\"https:\/\/irisae-conseil.net\/wp-content\/uploads\/2020\/10\/cropped-logo_irisae.png\",\"contentUrl\":\"https:\/\/irisae-conseil.net\/wp-content\/uploads\/2020\/10\/cropped-logo_irisae.png\",\"width\":2114,\"height\":412,\"caption\":\"IRISAE CONSEIL\"},\"image\":{\"@id\":\"https:\/\/irisae-conseil.net\/#\/schema\/logo\/image\/\"},\"sameAs\":[\"https:\/\/www.linkedin.com\/in\/ga\u00eblle-beaune-rse-iaa-audit\/\"]}]}<\/script>\n<!-- \/ Yoast SEO plugin. -->","yoast_head_json":{"title":"Gaspillage alimentaire - IRISAE CONSEIL","robots":{"index":"index","follow":"follow","max-snippet":"max-snippet:-1","max-image-preview":"max-image-preview:large","max-video-preview":"max-video-preview:-1"},"canonical":"https:\/\/irisae-conseil.net\/index.php\/page-d-exemple\/securite-des-aliments\/gaspillage-alimentaire\/","og_locale":"fr_FR","og_type":"article","og_title":"Gaspillage alimentaire - IRISAE CONSEIL","og_description":"Un enjeu important pour les acteurs de l\u2019alimentaire La loi AGEC (relative \u00e0 la lutte contre le gaspillage et \u00e0 l\u2019\u00e9conomie circulaire) de f\u00e9vrier 2020 pr\u00e9cise la d\u00e9finition du gaspillage alimentaire et fixe des objectifs de r\u00e9duction. Les secteurs de la distribution alimentaire et de la restauration collective (supermarch\u00e9s, cantines\u2026) [&hellip;]","og_url":"https:\/\/irisae-conseil.net\/index.php\/page-d-exemple\/securite-des-aliments\/gaspillage-alimentaire\/","og_site_name":"IRISAE CONSEIL","article_modified_time":"2024-10-31T15:27:56+00:00","og_image":[{"width":2363,"height":2367,"url":"https:\/\/irisae-conseil.net\/wp-content\/uploads\/2020\/11\/audit-IRISAE.png","type":"image\/png"}],"twitter_card":"summary_large_image","twitter_misc":{"Dur\u00e9e de lecture estim\u00e9e":"2 minutes"},"schema":{"@context":"https:\/\/schema.org","@graph":[{"@type":"WebPage","@id":"https:\/\/irisae-conseil.net\/index.php\/page-d-exemple\/securite-des-aliments\/gaspillage-alimentaire\/","url":"https:\/\/irisae-conseil.net\/index.php\/page-d-exemple\/securite-des-aliments\/gaspillage-alimentaire\/","name":"Gaspillage alimentaire - IRISAE CONSEIL","isPartOf":{"@id":"https:\/\/irisae-conseil.net\/#website"},"primaryImageOfPage":{"@id":"https:\/\/irisae-conseil.net\/index.php\/page-d-exemple\/securite-des-aliments\/gaspillage-alimentaire\/#primaryimage"},"image":{"@id":"https:\/\/irisae-conseil.net\/index.php\/page-d-exemple\/securite-des-aliments\/gaspillage-alimentaire\/#primaryimage"},"thumbnailUrl":"https:\/\/irisae-conseil.net\/wp-content\/uploads\/2020\/11\/audit-IRISAE-1022x1024.png","datePublished":"2022-04-07T14:27:30+00:00","dateModified":"2024-10-31T15:27:56+00:00","breadcrumb":{"@id":"https:\/\/irisae-conseil.net\/index.php\/page-d-exemple\/securite-des-aliments\/gaspillage-alimentaire\/#breadcrumb"},"inLanguage":"fr-FR","potentialAction":[{"@type":"ReadAction","target":["https:\/\/irisae-conseil.net\/index.php\/page-d-exemple\/securite-des-aliments\/gaspillage-alimentaire\/"]}]},{"@type":"ImageObject","inLanguage":"fr-FR","@id":"https:\/\/irisae-conseil.net\/index.php\/page-d-exemple\/securite-des-aliments\/gaspillage-alimentaire\/#primaryimage","url":"https:\/\/irisae-conseil.net\/wp-content\/uploads\/2020\/11\/audit-IRISAE.png","contentUrl":"https:\/\/irisae-conseil.net\/wp-content\/uploads\/2020\/11\/audit-IRISAE.png","width":2363,"height":2367},{"@type":"BreadcrumbList","@id":"https:\/\/irisae-conseil.net\/index.php\/page-d-exemple\/securite-des-aliments\/gaspillage-alimentaire\/#breadcrumb","itemListElement":[{"@type":"ListItem","position":1,"name":"Accueil","item":"https:\/\/irisae-conseil.net\/"},{"@type":"ListItem","position":2,"name":"Prestations en S\u00e9curit\u00e9 des Aliments","item":"https:\/\/irisae-conseil.net\/index.php\/page-d-exemple\/securite-des-aliments\/"},{"@type":"ListItem","position":3,"name":"Gaspillage alimentaire"}]},{"@type":"WebSite","@id":"https:\/\/irisae-conseil.net\/#website","url":"https:\/\/irisae-conseil.net\/","name":"IRISAE CONSEIL","description":"Audit, formation, accompagnement en RSE, S\u00e9curit\u00e9 des Aliments, et lutte contre le gaspillage alimentaire","publisher":{"@id":"https:\/\/irisae-conseil.net\/#organization"},"potentialAction":[{"@type":"SearchAction","target":{"@type":"EntryPoint","urlTemplate":"https:\/\/irisae-conseil.net\/?s={search_term_string}"},"query-input":{"@type":"PropertyValueSpecification","valueRequired":true,"valueName":"search_term_string"}}],"inLanguage":"fr-FR"},{"@type":"Organization","@id":"https:\/\/irisae-conseil.net\/#organization","name":"IRISAE CONSEIL","url":"https:\/\/irisae-conseil.net\/","logo":{"@type":"ImageObject","inLanguage":"fr-FR","@id":"https:\/\/irisae-conseil.net\/#\/schema\/logo\/image\/","url":"https:\/\/irisae-conseil.net\/wp-content\/uploads\/2020\/10\/cropped-logo_irisae.png","contentUrl":"https:\/\/irisae-conseil.net\/wp-content\/uploads\/2020\/10\/cropped-logo_irisae.png","width":2114,"height":412,"caption":"IRISAE CONSEIL"},"image":{"@id":"https:\/\/irisae-conseil.net\/#\/schema\/logo\/image\/"},"sameAs":["https:\/\/www.linkedin.com\/in\/ga\u00eblle-beaune-rse-iaa-audit\/"]}]}},"_links":{"self":[{"href":"https:\/\/irisae-conseil.net\/index.php\/wp-json\/wp\/v2\/pages\/1305","targetHints":{"allow":["GET"]}}],"collection":[{"href":"https:\/\/irisae-conseil.net\/index.php\/wp-json\/wp\/v2\/pages"}],"about":[{"href":"https:\/\/irisae-conseil.net\/index.php\/wp-json\/wp\/v2\/types\/page"}],"author":[{"embeddable":true,"href":"https:\/\/irisae-conseil.net\/index.php\/wp-json\/wp\/v2\/users\/1"}],"replies":[{"embeddable":true,"href":"https:\/\/irisae-conseil.net\/index.php\/wp-json\/wp\/v2\/comments?post=1305"}],"version-history":[{"count":8,"href":"https:\/\/irisae-conseil.net\/index.php\/wp-json\/wp\/v2\/pages\/1305\/revisions"}],"predecessor-version":[{"id":1556,"href":"https:\/\/irisae-conseil.net\/index.php\/wp-json\/wp\/v2\/pages\/1305\/revisions\/1556"}],"up":[{"embeddable":true,"href":"https:\/\/irisae-conseil.net\/index.php\/wp-json\/wp\/v2\/pages\/103"}],"wp:attachment":[{"href":"https:\/\/irisae-conseil.net\/index.php\/wp-json\/wp\/v2\/media?parent=1305"}],"curies":[{"name":"wp","href":"https:\/\/api.w.org\/{rel}","templated":true}]}}