{"id":101,"date":"2018-04-27T21:14:41","date_gmt":"2018-04-27T19:14:41","guid":{"rendered":"http:\/\/irisae-conseil.net\/?page_id=101"},"modified":"2024-12-27T09:23:05","modified_gmt":"2024-12-27T08:23:05","slug":"rse","status":"publish","type":"page","link":"https:\/\/irisae-conseil.net\/index.php\/page-d-exemple\/rse\/","title":{"rendered":"La RSE"},"content":{"rendered":"\n<h2 class=\"wp-block-heading has-text-align-center\">La RSE : qu\u2019est-ce que c\u2019est ?<\/h2>\n\n\n\n<div class=\"wp-block-media-text has-media-on-the-right is-stacked-on-mobile\"><div class=\"wp-block-media-text__content\">\n<p>La RSE correspond \u00e0 la <strong>responsabilit\u00e9 <\/strong>d\u2019une entreprise vis-\u00e0-vis des <strong>impacts <\/strong>de ses <strong>d\u00e9cisions et activit\u00e9s sur la soci\u00e9t\u00e9 et sur l\u2019environnement<\/strong>. Elle se traduit par un comportement \u00e9thique et transparent, respectueux des lois en vigueur et des normes internationales de comportement.<br>Les organisations existant de par le monde et leurs parties prenantes (= individu ou groupe ayant un int\u00e9r\u00eat dans les d\u00e9cisions ou activit\u00e9s d\u2019une organisation) sont de plus en plus conscientes de la n\u00e9cessit\u00e9 d\u2019adopter un comportement responsable, et des b\u00e9n\u00e9fices qui y sont associ\u00e9s. L\u2019objectif de la responsabilit\u00e9 soci\u00e9tale est de <strong>contribuer au d\u00e9veloppement durable<\/strong>. *<br>* Issu de l\u2019introduction de la norme ISO 26000 \u00ab Lignes directrices relatives \u00e0 la responsabilit\u00e9 soci\u00e9tale \u00bb<\/p>\n<\/div><figure class=\"wp-block-media-text__media\"><img loading=\"lazy\" decoding=\"async\" width=\"569\" height=\"540\" src=\"https:\/\/irisae-conseil.net\/wp-content\/uploads\/2018\/04\/21464756-24494567.jpg\" alt=\"\" class=\"wp-image-63 size-full\" srcset=\"https:\/\/irisae-conseil.net\/wp-content\/uploads\/2018\/04\/21464756-24494567.jpg 569w, https:\/\/irisae-conseil.net\/wp-content\/uploads\/2018\/04\/21464756-24494567-300x285.jpg 300w\" sizes=\"auto, (max-width: 569px) 100vw, 569px\" \/><\/figure><\/div>\n\n\n\n<hr class=\"wp-block-separator has-text-color has-header-gradient-color has-css-opacity has-header-gradient-background-color has-background\"\/>\n\n\n\n<h2 class=\"wp-block-heading has-text-align-center\">Par o\u00f9 commencer ?<\/h2>\n\n\n\n<div class=\"wp-block-columns is-layout-flex wp-container-core-columns-is-layout-1 wp-block-columns-is-layout-flex\">\n<div class=\"wp-block-column is-layout-flow wp-block-column-is-layout-flow\"><div class=\"wp-block-image\">\n<figure class=\"aligncenter size-full is-resized\"><img loading=\"lazy\" decoding=\"async\" width=\"512\" height=\"512\" src=\"https:\/\/irisae-conseil.net\/wp-content\/uploads\/2024\/10\/idea_11772933.png\" alt=\"\" class=\"wp-image-1456\" style=\"width:64px;height:auto\" srcset=\"https:\/\/irisae-conseil.net\/wp-content\/uploads\/2024\/10\/idea_11772933.png 512w, https:\/\/irisae-conseil.net\/wp-content\/uploads\/2024\/10\/idea_11772933-300x300.png 300w, https:\/\/irisae-conseil.net\/wp-content\/uploads\/2024\/10\/idea_11772933-150x150.png 150w\" sizes=\"auto, (max-width: 512px) 100vw, 512px\" \/><\/figure><\/div>\n\n\n<p><\/p>\n\n\n\n<p class=\"has-text-align-center\">1 &#8211; <strong>Avoir conscience de la n\u00e9cessit\u00e9 d\u2019agir pour un monde durable<\/strong><\/p>\n\n\n\n<p class=\"has-text-align-center\">Etre <strong>convaincu <\/strong>de la n\u00e9cessit\u00e9 d\u2019agir pour un monde durable, en commen\u00e7ant par votre entreprise.<br>La direction doit porter le projet : sans une conviction profonde de la direction, la d\u00e9marche ne sera pas cr\u00e9dible, et en terme de communication le \u00abgreenwashing\u00bb est souvent fatal.<\/p>\n<\/div>\n\n\n\n<div class=\"wp-block-column is-layout-flow wp-block-column-is-layout-flow\"><div class=\"wp-block-image\">\n<figure class=\"aligncenter size-full is-resized\"><img loading=\"lazy\" decoding=\"async\" width=\"512\" height=\"512\" src=\"https:\/\/irisae-conseil.net\/wp-content\/uploads\/2024\/10\/incognito_7764438.png\" alt=\"\" class=\"wp-image-1457\" style=\"width:71px;height:auto\" srcset=\"https:\/\/irisae-conseil.net\/wp-content\/uploads\/2024\/10\/incognito_7764438.png 512w, https:\/\/irisae-conseil.net\/wp-content\/uploads\/2024\/10\/incognito_7764438-300x300.png 300w, https:\/\/irisae-conseil.net\/wp-content\/uploads\/2024\/10\/incognito_7764438-150x150.png 150w\" sizes=\"auto, (max-width: 512px) 100vw, 512px\" \/><\/figure><\/div>\n\n\n<p><\/p>\n\n\n\n<p class=\"has-text-align-center\">2 &#8211; <strong>Identifier les pratiques<br>existantes au sein de l\u2019entreprise\/la structure<\/strong><\/p>\n\n\n\n<p class=\"has-text-align-center\"><strong>Identifier <\/strong>ce qui est d\u00e9j\u00e0 fait dans l\u2019entreprise et qui est assimilable \u00e0 de la RSE (partenariats locaux de fournisseurs, lien avec des centres de formation, avantages sociaux et\/ou actions \u00ab \u00e9cologiques \u00bb  allant au del\u00e0 de la  r\u00e9glementation, incitation au covoiturage, r\u00e9alisation de r\u00e9unions \u00e0 distance par webconf\u00e9rence\u2026). S\u2019en servir de  base pour identifier les forces et  faiblesses, risques et opportunit\u00e9s en terme de RSE.<\/p>\n<\/div>\n\n\n\n<div class=\"wp-block-column is-layout-flow wp-block-column-is-layout-flow\"><div class=\"wp-block-image\">\n<figure class=\"aligncenter size-full is-resized\"><img loading=\"lazy\" decoding=\"async\" width=\"512\" height=\"512\" src=\"https:\/\/irisae-conseil.net\/wp-content\/uploads\/2024\/10\/eco-energy_8998422.png\" alt=\"\" class=\"wp-image-1458\" style=\"width:70px;height:auto\" srcset=\"https:\/\/irisae-conseil.net\/wp-content\/uploads\/2024\/10\/eco-energy_8998422.png 512w, https:\/\/irisae-conseil.net\/wp-content\/uploads\/2024\/10\/eco-energy_8998422-300x300.png 300w, https:\/\/irisae-conseil.net\/wp-content\/uploads\/2024\/10\/eco-energy_8998422-150x150.png 150w\" sizes=\"auto, (max-width: 512px) 100vw, 512px\" \/><\/figure><\/div>\n\n\n<p><\/p>\n\n\n\n<p class=\"has-text-align-center\">3 &#8211;<strong>D\u00e9finir sa strat\u00e9gie en impliquant les collaborateurs et les parties prenantes<\/strong><\/p>\n\n\n\n<p class=\"has-text-align-center\">R\u00e9fl\u00e9chir \u00e0 une <strong>politique ou strat\u00e9gie <\/strong>d\u2019entreprise int\u00e9grant la RSE, puis <strong>introduire<\/strong> progressivement cette notion dans les <strong>diff\u00e9rents niveaux hi\u00e9rarchiques<\/strong> de l\u2019entreprise. La RSE ne doit pas \u00eatre une couche suppl\u00e9mentaire dans le millefeuille de norme, mais doit s\u2019int\u00e9grer dans l\u2019existant.<\/p>\n<\/div>\n<\/div>\n\n\n\n<hr class=\"wp-block-separator has-text-color has-header-gradient-color has-css-opacity has-header-gradient-background-color has-background\"\/>\n\n\n\n<h2 class=\"wp-block-heading has-text-align-center\">La RSE : pourquoi se lancer ?<\/h2>\n\n\n\n<blockquote class=\"wp-block-quote is-layout-flow wp-block-quote-is-layout-flow\">\n<p class=\"has-text-align-center\">Parce que vous y \u00eates sensibles,<br>et que vous souhaitez maintenant<br>avancer plus vite sur ces sujets.<\/p>\n<\/blockquote>\n\n\n\n<ul class=\"wp-block-list\">\n<li>Parce que vos <strong>clients sont de plus en plus r\u00e9ceptifs aux arguments RSE<\/strong>, et que ce crit\u00e8re est fr\u00e9quemment pris en compte dans les <strong>appels d\u2019offre<\/strong>.<\/li>\n\n\n\n<li>Parce que les <strong>exigences r\u00e9glementaires<\/strong> dans le domaine se multiplient (Grenelle de l\u2019environnement 1 et 2, Loi de transition \u00e9nerg\u00e9tique pour la croissance verte, loi NOTRE, loi SAPIN, loi PACTE, loi AGEC, CSRD\u2026) et qu&rsquo;il est pr\u00e9f\u00e9rable de mettre en place la d\u00e9marche en amont plut\u00f4t que dans l&rsquo;urgence des \u00e9ch\u00e9ances r\u00e9glementaires.<\/li>\n\n\n\n<li>Parce que c\u2019est une <strong>d\u00e9marche vertueuse <\/strong>qui va permettre de mobiliser tous les niveaux de l\u2019organisation dans un projet d\u2019entreprise, de motiver les salari\u00e9s, et de les fid\u00e9liser.<\/li>\n\n\n\n<li>Parce que l\u2019<strong>image de l\u2019entreprise<\/strong> sera meilleure du point de vue des salari\u00e9s et de tous vos partenaires, et m\u00eame de vos futurs employ\u00e9s (augmentation de l\u2019attractivit\u00e9 de l\u2019entreprise).<\/li>\n<\/ul>\n\n\n\n<div style=\"height:100px\" aria-hidden=\"true\" class=\"wp-block-spacer\"><\/div>\n\n\n\n<p class=\"has-text-align-center\"><strong>PARLONS ENSEMBLE DE VOTRE PROJET<\/strong><\/p>\n\n\n\n<div class=\"wp-block-buttons is-content-justification-center is-layout-flex wp-container-core-buttons-is-layout-1 wp-block-buttons-is-layout-flex\">\n<div class=\"wp-block-button\"><a class=\"wp-block-button__link has-text-align-center wp-element-button\" href=\"https:\/\/irisae-conseil.net\/index.php\/page-d-exemple\/contact\/\">Contact<\/a><\/div>\n<\/div>\n\n\n\n<div style=\"height:35px\" aria-hidden=\"true\" class=\"wp-block-spacer\"><\/div>\n\n\n\n<p class=\"has-text-align-center\">Estimation de l\u2019impact carbone de la page :<\/p>\n\n\n\n<div id=\"wcb\" class=\"carbonbadge\"><\/div>\n<script src=\"https:\/\/unpkg.com\/website-carbon-badges@1.1.3\/b.min.js\" defer><\/script>\n\n\n\n<div style=\"height:100px\" aria-hidden=\"true\" class=\"wp-block-spacer\"><\/div>\n\n\n\n<p class=\"has-text-align-center\"><strong>SUIVEZ NOUS<\/strong><\/p>\n\n\n\n<p class=\"has-text-align-center\">Retrouvez toutes nos actualit\u00e9s sur LinkedIn<\/p>\n\n\n\n<div class=\"wp-block-buttons is-content-justification-center is-layout-flex wp-container-core-buttons-is-layout-2 wp-block-buttons-is-layout-flex\">\n<div class=\"wp-block-button\"><a class=\"wp-block-button__link has-white-color has-header-gradient-background-color has-text-color has-background has-link-color has-text-align-center wp-element-button\" href=\"http:\/\/www.linkedin.com\/in\/ga\u00eblle-beaune-rse-iaa-audit\">LinkedIn<\/a><\/div>\n<\/div>\n","protected":false},"excerpt":{"rendered":"<p>La RSE : qu\u2019est-ce que c\u2019est ? La RSE correspond \u00e0 la responsabilit\u00e9 d\u2019une entreprise vis-\u00e0-vis des impacts de ses d\u00e9cisions et activit\u00e9s sur la soci\u00e9t\u00e9 et sur l\u2019environnement. Elle se traduit par un comportement \u00e9thique et transparent, respectueux des lois en vigueur et des normes internationales de comportement.Les organisations [&hellip;]<\/p>\n","protected":false},"author":1,"featured_media":0,"parent":2,"menu_order":0,"comment_status":"closed","ping_status":"closed","template":"page-templates\/template-fullwidth.php","meta":{"om_disable_all_campaigns":false,"_monsterinsights_skip_tracking":false,"_monsterinsights_sitenote_active":false,"_monsterinsights_sitenote_note":"","_monsterinsights_sitenote_category":0,"_uf_show_specific_survey":0,"_uf_disable_surveys":false,"footnotes":""},"class_list":["post-101","page","type-page","status-publish","hentry"],"yoast_head":"<!-- This site is optimized with the Yoast SEO plugin v26.8 - https:\/\/yoast.com\/product\/yoast-seo-wordpress\/ -->\n<title>RSE La RSE - IRISAE CONSEIL<\/title>\n<meta name=\"robots\" content=\"index, follow, max-snippet:-1, max-image-preview:large, max-video-preview:-1\" \/>\n<link rel=\"canonical\" href=\"https:\/\/irisae-conseil.net\/index.php\/page-d-exemple\/rse\/\" \/>\n<meta property=\"og:locale\" content=\"fr_FR\" \/>\n<meta property=\"og:type\" content=\"article\" \/>\n<meta property=\"og:title\" content=\"RSE La RSE - IRISAE CONSEIL\" \/>\n<meta property=\"og:description\" content=\"La RSE : qu\u2019est-ce que c\u2019est ? La RSE correspond \u00e0 la responsabilit\u00e9 d\u2019une entreprise vis-\u00e0-vis des impacts de ses d\u00e9cisions et activit\u00e9s sur la soci\u00e9t\u00e9 et sur l\u2019environnement. Elle se traduit par un comportement \u00e9thique et transparent, respectueux des lois en vigueur et des normes internationales de comportement.Les organisations [&hellip;]\" \/>\n<meta property=\"og:url\" content=\"https:\/\/irisae-conseil.net\/index.php\/page-d-exemple\/rse\/\" \/>\n<meta property=\"og:site_name\" content=\"IRISAE CONSEIL\" \/>\n<meta property=\"article:modified_time\" content=\"2024-12-27T08:23:05+00:00\" \/>\n<meta property=\"og:image\" content=\"https:\/\/irisae-conseil.net\/wp-content\/uploads\/2018\/04\/21464756-24494567.jpg\" \/>\n\t<meta property=\"og:image:width\" content=\"569\" \/>\n\t<meta property=\"og:image:height\" content=\"540\" \/>\n\t<meta property=\"og:image:type\" content=\"image\/jpeg\" \/>\n<meta name=\"twitter:card\" content=\"summary_large_image\" \/>\n<meta name=\"twitter:label1\" content=\"Dur\u00e9e de lecture estim\u00e9e\" \/>\n\t<meta name=\"twitter:data1\" content=\"1 minute\" \/>\n<script type=\"application\/ld+json\" class=\"yoast-schema-graph\">{\"@context\":\"https:\/\/schema.org\",\"@graph\":[{\"@type\":\"WebPage\",\"@id\":\"https:\/\/irisae-conseil.net\/index.php\/page-d-exemple\/rse\/\",\"url\":\"https:\/\/irisae-conseil.net\/index.php\/page-d-exemple\/rse\/\",\"name\":\"RSE La RSE - IRISAE CONSEIL\",\"isPartOf\":{\"@id\":\"https:\/\/irisae-conseil.net\/#website\"},\"primaryImageOfPage\":{\"@id\":\"https:\/\/irisae-conseil.net\/index.php\/page-d-exemple\/rse\/#primaryimage\"},\"image\":{\"@id\":\"https:\/\/irisae-conseil.net\/index.php\/page-d-exemple\/rse\/#primaryimage\"},\"thumbnailUrl\":\"https:\/\/irisae-conseil.net\/wp-content\/uploads\/2018\/04\/21464756-24494567.jpg\",\"datePublished\":\"2018-04-27T19:14:41+00:00\",\"dateModified\":\"2024-12-27T08:23:05+00:00\",\"breadcrumb\":{\"@id\":\"https:\/\/irisae-conseil.net\/index.php\/page-d-exemple\/rse\/#breadcrumb\"},\"inLanguage\":\"fr-FR\",\"potentialAction\":[{\"@type\":\"ReadAction\",\"target\":[\"https:\/\/irisae-conseil.net\/index.php\/page-d-exemple\/rse\/\"]}]},{\"@type\":\"ImageObject\",\"inLanguage\":\"fr-FR\",\"@id\":\"https:\/\/irisae-conseil.net\/index.php\/page-d-exemple\/rse\/#primaryimage\",\"url\":\"https:\/\/irisae-conseil.net\/wp-content\/uploads\/2018\/04\/21464756-24494567.jpg\",\"contentUrl\":\"https:\/\/irisae-conseil.net\/wp-content\/uploads\/2018\/04\/21464756-24494567.jpg\",\"width\":569,\"height\":540},{\"@type\":\"BreadcrumbList\",\"@id\":\"https:\/\/irisae-conseil.net\/index.php\/page-d-exemple\/rse\/#breadcrumb\",\"itemListElement\":[{\"@type\":\"ListItem\",\"position\":1,\"name\":\"Accueil\",\"item\":\"https:\/\/irisae-conseil.net\/\"},{\"@type\":\"ListItem\",\"position\":2,\"name\":\"La RSE\"}]},{\"@type\":\"WebSite\",\"@id\":\"https:\/\/irisae-conseil.net\/#website\",\"url\":\"https:\/\/irisae-conseil.net\/\",\"name\":\"IRISAE CONSEIL\",\"description\":\"Audit, formation, accompagnement en RSE, S\u00e9curit\u00e9 des Aliments, et lutte contre le gaspillage alimentaire\",\"publisher\":{\"@id\":\"https:\/\/irisae-conseil.net\/#organization\"},\"potentialAction\":[{\"@type\":\"SearchAction\",\"target\":{\"@type\":\"EntryPoint\",\"urlTemplate\":\"https:\/\/irisae-conseil.net\/?s={search_term_string}\"},\"query-input\":{\"@type\":\"PropertyValueSpecification\",\"valueRequired\":true,\"valueName\":\"search_term_string\"}}],\"inLanguage\":\"fr-FR\"},{\"@type\":\"Organization\",\"@id\":\"https:\/\/irisae-conseil.net\/#organization\",\"name\":\"IRISAE CONSEIL\",\"url\":\"https:\/\/irisae-conseil.net\/\",\"logo\":{\"@type\":\"ImageObject\",\"inLanguage\":\"fr-FR\",\"@id\":\"https:\/\/irisae-conseil.net\/#\/schema\/logo\/image\/\",\"url\":\"https:\/\/irisae-conseil.net\/wp-content\/uploads\/2020\/10\/cropped-logo_irisae.png\",\"contentUrl\":\"https:\/\/irisae-conseil.net\/wp-content\/uploads\/2020\/10\/cropped-logo_irisae.png\",\"width\":2114,\"height\":412,\"caption\":\"IRISAE CONSEIL\"},\"image\":{\"@id\":\"https:\/\/irisae-conseil.net\/#\/schema\/logo\/image\/\"},\"sameAs\":[\"https:\/\/www.linkedin.com\/in\/ga\u00eblle-beaune-rse-iaa-audit\/\"]}]}<\/script>\n<!-- \/ Yoast SEO plugin. -->","yoast_head_json":{"title":"RSE La RSE - IRISAE CONSEIL","robots":{"index":"index","follow":"follow","max-snippet":"max-snippet:-1","max-image-preview":"max-image-preview:large","max-video-preview":"max-video-preview:-1"},"canonical":"https:\/\/irisae-conseil.net\/index.php\/page-d-exemple\/rse\/","og_locale":"fr_FR","og_type":"article","og_title":"RSE La RSE - IRISAE CONSEIL","og_description":"La RSE : qu\u2019est-ce que c\u2019est ? La RSE correspond \u00e0 la responsabilit\u00e9 d\u2019une entreprise vis-\u00e0-vis des impacts de ses d\u00e9cisions et activit\u00e9s sur la soci\u00e9t\u00e9 et sur l\u2019environnement. Elle se traduit par un comportement \u00e9thique et transparent, respectueux des lois en vigueur et des normes internationales de comportement.Les organisations [&hellip;]","og_url":"https:\/\/irisae-conseil.net\/index.php\/page-d-exemple\/rse\/","og_site_name":"IRISAE CONSEIL","article_modified_time":"2024-12-27T08:23:05+00:00","og_image":[{"width":569,"height":540,"url":"https:\/\/irisae-conseil.net\/wp-content\/uploads\/2018\/04\/21464756-24494567.jpg","type":"image\/jpeg"}],"twitter_card":"summary_large_image","twitter_misc":{"Dur\u00e9e de lecture estim\u00e9e":"1 minute"},"schema":{"@context":"https:\/\/schema.org","@graph":[{"@type":"WebPage","@id":"https:\/\/irisae-conseil.net\/index.php\/page-d-exemple\/rse\/","url":"https:\/\/irisae-conseil.net\/index.php\/page-d-exemple\/rse\/","name":"RSE La RSE - IRISAE CONSEIL","isPartOf":{"@id":"https:\/\/irisae-conseil.net\/#website"},"primaryImageOfPage":{"@id":"https:\/\/irisae-conseil.net\/index.php\/page-d-exemple\/rse\/#primaryimage"},"image":{"@id":"https:\/\/irisae-conseil.net\/index.php\/page-d-exemple\/rse\/#primaryimage"},"thumbnailUrl":"https:\/\/irisae-conseil.net\/wp-content\/uploads\/2018\/04\/21464756-24494567.jpg","datePublished":"2018-04-27T19:14:41+00:00","dateModified":"2024-12-27T08:23:05+00:00","breadcrumb":{"@id":"https:\/\/irisae-conseil.net\/index.php\/page-d-exemple\/rse\/#breadcrumb"},"inLanguage":"fr-FR","potentialAction":[{"@type":"ReadAction","target":["https:\/\/irisae-conseil.net\/index.php\/page-d-exemple\/rse\/"]}]},{"@type":"ImageObject","inLanguage":"fr-FR","@id":"https:\/\/irisae-conseil.net\/index.php\/page-d-exemple\/rse\/#primaryimage","url":"https:\/\/irisae-conseil.net\/wp-content\/uploads\/2018\/04\/21464756-24494567.jpg","contentUrl":"https:\/\/irisae-conseil.net\/wp-content\/uploads\/2018\/04\/21464756-24494567.jpg","width":569,"height":540},{"@type":"BreadcrumbList","@id":"https:\/\/irisae-conseil.net\/index.php\/page-d-exemple\/rse\/#breadcrumb","itemListElement":[{"@type":"ListItem","position":1,"name":"Accueil","item":"https:\/\/irisae-conseil.net\/"},{"@type":"ListItem","position":2,"name":"La RSE"}]},{"@type":"WebSite","@id":"https:\/\/irisae-conseil.net\/#website","url":"https:\/\/irisae-conseil.net\/","name":"IRISAE CONSEIL","description":"Audit, formation, accompagnement en RSE, S\u00e9curit\u00e9 des Aliments, et lutte contre le gaspillage alimentaire","publisher":{"@id":"https:\/\/irisae-conseil.net\/#organization"},"potentialAction":[{"@type":"SearchAction","target":{"@type":"EntryPoint","urlTemplate":"https:\/\/irisae-conseil.net\/?s={search_term_string}"},"query-input":{"@type":"PropertyValueSpecification","valueRequired":true,"valueName":"search_term_string"}}],"inLanguage":"fr-FR"},{"@type":"Organization","@id":"https:\/\/irisae-conseil.net\/#organization","name":"IRISAE CONSEIL","url":"https:\/\/irisae-conseil.net\/","logo":{"@type":"ImageObject","inLanguage":"fr-FR","@id":"https:\/\/irisae-conseil.net\/#\/schema\/logo\/image\/","url":"https:\/\/irisae-conseil.net\/wp-content\/uploads\/2020\/10\/cropped-logo_irisae.png","contentUrl":"https:\/\/irisae-conseil.net\/wp-content\/uploads\/2020\/10\/cropped-logo_irisae.png","width":2114,"height":412,"caption":"IRISAE CONSEIL"},"image":{"@id":"https:\/\/irisae-conseil.net\/#\/schema\/logo\/image\/"},"sameAs":["https:\/\/www.linkedin.com\/in\/ga\u00eblle-beaune-rse-iaa-audit\/"]}]}},"_links":{"self":[{"href":"https:\/\/irisae-conseil.net\/index.php\/wp-json\/wp\/v2\/pages\/101","targetHints":{"allow":["GET"]}}],"collection":[{"href":"https:\/\/irisae-conseil.net\/index.php\/wp-json\/wp\/v2\/pages"}],"about":[{"href":"https:\/\/irisae-conseil.net\/index.php\/wp-json\/wp\/v2\/types\/page"}],"author":[{"embeddable":true,"href":"https:\/\/irisae-conseil.net\/index.php\/wp-json\/wp\/v2\/users\/1"}],"replies":[{"embeddable":true,"href":"https:\/\/irisae-conseil.net\/index.php\/wp-json\/wp\/v2\/comments?post=101"}],"version-history":[{"count":78,"href":"https:\/\/irisae-conseil.net\/index.php\/wp-json\/wp\/v2\/pages\/101\/revisions"}],"predecessor-version":[{"id":1510,"href":"https:\/\/irisae-conseil.net\/index.php\/wp-json\/wp\/v2\/pages\/101\/revisions\/1510"}],"up":[{"embeddable":true,"href":"https:\/\/irisae-conseil.net\/index.php\/wp-json\/wp\/v2\/pages\/2"}],"wp:attachment":[{"href":"https:\/\/irisae-conseil.net\/index.php\/wp-json\/wp\/v2\/media?parent=101"}],"curies":[{"name":"wp","href":"https:\/\/api.w.org\/{rel}","templated":true}]}}